{"id":2963,"date":"2019-05-25T06:37:15","date_gmt":"2019-05-25T06:37:15","guid":{"rendered":"http:\/\/sailing.thimpress.com\/elementor08\/?page_id=2963"},"modified":"2022-01-16T11:11:21","modified_gmt":"2022-01-16T11:11:21","slug":"uber-uns","status":"publish","type":"page","link":"https:\/\/www.cundaesenotel.com\/de\/uber-uns\/","title":{"rendered":"\u00dcber uns"},"content":{"rendered":"\t\t<div data-elementor-type=\"wp-post\" data-elementor-id=\"2963\" class=\"elementor elementor-2963\" data-elementor-settings=\"[]\">\n\t\t\t\t\t\t\t<div class=\"elementor-section-wrap\">\n\t\t\t\t\t\t\t<section class=\"elementor-section elementor-top-section elementor-element elementor-element-df28050 elementor-section-full_width elementor-section-height-default elementor-section-height-default\" data-id=\"df28050\" data-element_type=\"section\">\n\t\t\t\t\t\t<div class=\"elementor-container elementor-column-gap-default\">\n\t\t\t\t\t<div class=\"elementor-column elementor-col-100 elementor-top-column elementor-element elementor-element-c6c8e17\" data-id=\"c6c8e17\" data-element_type=\"column\">\n\t\t\t<div class=\"elementor-widget-wrap elementor-element-populated\">\n\t\t\t\t\t\t\t\t<div class=\"elementor-element elementor-element-41b910b elementor-widget elementor-widget-thim-icon-box\" data-id=\"41b910b\" data-element_type=\"widget\" data-widget_type=\"thim-icon-box.default\">\n\t\t\t\t<div class=\"elementor-widget-container\">\n\t\t\t<div class=\"inner-box auto-hidden\"><div  class=\"wrapper-box-icon text-center   wrapper-line-heading\" ><div class=\"smicon-box iconbox-top\"><div class=\"content-inner\" ><div class=\"sc-heading article_heading\"><h3 class = \"heading__primary\" style=\"color: #000000;\">Eine GESCHICHTE in der CUNDA vorkommt \u2026<\/h3><span class=\"line-heading\"><span><\/span><\/span><\/div><div class=\"desc-icon-box\"><div style=\"font-size: 17px;font-weight: normal;line-height: 24px;\"><p>Jede Insel hat eine Geschichte, und wenn Sie genau zuh\u00f6ren, erz\u00e4hlt Cunda Ihnen Ihre eigene Geschichte. Weit weg von der verr\u00fcckten Menge, aber das Vergn\u00fcgen ist da, weg vom Verkehr, aber nicht unerreichbar, weg von der popul\u00e4ren Kulturauferlegung, aber nicht \u00fcberholt, w\u00fcrdevoll und ruhig, aber nicht verlassen, weg vom Glanz, aber auch nicht gew\u00f6hnlich. Weit weg vom Standleben und schnellem Essen, hinein in ein unvorstellbares Fr\u00fchst\u00fcckserlebnis, begleitet von sorgf\u00e4ltig ausgew\u00e4hlten Fr\u00fchst\u00fcckszutaten und selbst zubereiteten orientalischen Spezialit\u00e4ten und keine Fertiggerichte....<p>\n<p>Jedes Zimmer ist auf seine eigene Art einzigartig. Schauen Sie  aus dem Fenster und erblicken Sie die Vielfalt an Farben von Pflanzen bis \u00fcber das klarblaue \u00c4g\u00e4ische Meer.<p>\n<p>Von den Gem\u00e4lden an der Wand bis zu den wellen der Vorh\u00e4nge, es ist als h\u00e4tte alles eine, anmutige Hand\u201c br\u00fcht. Eine fein gestaltete Eleganz, eine bescheidene H\u00f6flichkeit, in welcher man das, Alte\u201c  und das, Neu\u201c beisammen, in kleinen Details, wiederfindet, w\u00e4hrend keines dem anderen gleicht.<p>\n<p>Eine aufrichtige Gastgeberin, die akribisch auf Gastfreundschaft Acht gibt und keine Details \u00fcberspringt. Hinzu kommt herzliche und zuvorgekommene Zusammenarbeit, um ein warmes Familienverst\u00e4ndnis  zu erreichen. Dadurch entstehen bessere Bedingungen, als sich manche einer f\u00fcr sich selbst ertr\u00e4umt hat. Der Rest ist Cunda...<p>\n<p>Es ist eine Geschichte in der \"Cunda\" vorkommt, ganz blau, sehr gr\u00fcn und absolut einzigartig. Wenn Sie diese Geschichte h\u00f6ren wollen, werden wir im Cunda Esen Hotel in Cunda Island auf Sie warten. Dies ist unser Zuhause. Wir begr\u00fc\u00dfen Sie herzlich und freuen uns, Sie zu sehen.<p><\/div><\/div><\/div><\/div><!--end smicon-box--><\/div><\/div><style>\n\t.smicon-read:hover{\n\t\tcolor: !important;\n\t\tbackground: !important;\n\t}\n\t.smicon-box .boxes-icon:hover{\n\t\tcolor: !important;\n\t\tborder-color: !important;\n\t\tbackground-color:  !important;\n\t}\n\t.smicon-box .boxes-icon:hover .icon i{\n\t\tcolor: !important;\n\t}\n<\/style>\t\t<\/div>\n\t\t\t\t<\/div>\n\t\t\t\t\t<\/div>\n\t\t<\/div>\n\t\t\t\t\t\t\t<\/div>\n\t\t<\/section>\n\t\t\t\t<section class=\"elementor-section elementor-top-section elementor-element elementor-element-260b600 elementor-section-stretched thim-bg-overlay elementor-section-boxed elementor-section-height-default elementor-section-height-default\" data-id=\"260b600\" data-element_type=\"section\" data-settings=\"{&quot;stretch_section&quot;:&quot;section-stretched&quot;,&quot;background_background&quot;:&quot;classic&quot;}\">\n\t\t\t\t\t\t<div class=\"elementor-container elementor-column-gap-default\">\n\t\t\t\t\t<div class=\"elementor-column elementor-col-100 elementor-top-column elementor-element elementor-element-ce98424\" data-id=\"ce98424\" data-element_type=\"column\">\n\t\t\t<div class=\"elementor-widget-wrap\">\n\t\t\t\t\t\t\t\t\t<\/div>\n\t\t<\/div>\n\t\t\t\t\t\t\t<\/div>\n\t\t<\/section>\n\t\t\t\t<section class=\"elementor-section elementor-top-section elementor-element elementor-element-7c3914a elementor-section-boxed elementor-section-height-default elementor-section-height-default\" data-id=\"7c3914a\" data-element_type=\"section\">\n\t\t\t\t\t\t<div class=\"elementor-container elementor-column-gap-default\">\n\t\t\t\t\t<div class=\"elementor-column elementor-col-100 elementor-top-column elementor-element elementor-element-6dd1524\" data-id=\"6dd1524\" data-element_type=\"column\">\n\t\t\t<div class=\"elementor-widget-wrap elementor-element-populated\">\n\t\t\t\t\t\t\t\t<div class=\"elementor-element elementor-element-9ada7e1 elementor-hidden-tablet elementor-hidden-mobile elementor-aspect-ratio-169 elementor-widget elementor-widget-video\" data-id=\"9ada7e1\" data-element_type=\"widget\" data-settings=\"{&quot;youtube_url&quot;:&quot;https:\\\/\\\/www.youtube.com\\\/watch?v=spH2XeYIQ7g&quot;,&quot;yt_privacy&quot;:&quot;yes&quot;,&quot;video_type&quot;:&quot;youtube&quot;,&quot;controls&quot;:&quot;yes&quot;,&quot;aspect_ratio&quot;:&quot;169&quot;}\" data-widget_type=\"video.default\">\n\t\t\t\t<div class=\"elementor-widget-container\">\n\t\t\t\t\t<div class=\"elementor-wrapper elementor-fit-aspect-ratio elementor-open-inline\">\n\t\t\t<div class=\"elementor-video\"><\/div>\t\t<\/div>\n\t\t\t\t<\/div>\n\t\t\t\t<\/div>\n\t\t\t\t\t<\/div>\n\t\t<\/div>\n\t\t\t\t\t\t\t<\/div>\n\t\t<\/section>\n\t\t\t\t<section class=\"elementor-section elementor-top-section elementor-element elementor-element-36b6c5d elementor-section-boxed elementor-section-height-default elementor-section-height-default\" data-id=\"36b6c5d\" data-element_type=\"section\">\n\t\t\t\t\t\t<div class=\"elementor-container elementor-column-gap-default\">\n\t\t\t\t\t<div class=\"elementor-column elementor-col-50 elementor-top-column elementor-element elementor-element-598968c\" data-id=\"598968c\" data-element_type=\"column\">\n\t\t\t<div class=\"elementor-widget-wrap elementor-element-populated\">\n\t\t\t\t\t\t\t\t<div class=\"elementor-element elementor-element-85dfd53 elementor-view-stacked elementor-hidden-desktop elementor-hidden-tablet elementor-hidden-mobile elementor-shape-circle elementor-position-top elementor-vertical-align-top elementor-widget elementor-widget-icon-box\" data-id=\"85dfd53\" data-element_type=\"widget\" data-widget_type=\"icon-box.default\">\n\t\t\t\t<div class=\"elementor-widget-container\">\n\t\t\t\t\t<div class=\"elementor-icon-box-wrapper\">\n\t\t\t\t\t\t<div class=\"elementor-icon-box-icon\">\n\t\t\t\t<a class=\"elementor-icon elementor-animation-\" href=\"https:\/\/www.volkanaktas.com.tr\/test3\/wp-content\/uploads\/2021\/11\/cundaesenotel.pdf\" target=\"_blank\">\n\t\t\t\t<i aria-hidden=\"true\" class=\"far fa-file-pdf\"><\/i>\t\t\t\t<\/a>\n\t\t\t<\/div>\n\t\t\t\t\t\t<div class=\"elementor-icon-box-content\">\n\t\t\t\t<h4 class=\"elementor-icon-box-title\">\n\t\t\t\t\t<a href=\"https:\/\/www.volkanaktas.com.tr\/test3\/wp-content\/uploads\/2021\/11\/cundaesenotel.pdf\" target=\"_blank\" >\n\t\t\t\t\t\tCunda Esen Otel - Hakk\u0131nda\t\t\t\t\t<\/a>\n\t\t\t\t<\/h4>\n\t\t\t\t\t\t\t\t\t<p class=\"elementor-icon-box-description\">\n\t\t\t\t\t\tOtelimiz hakk\u0131nda detayl\u0131 tan\u0131t\u0131m dosyas\u0131 PDF\t\t\t\t\t<\/p>\n\t\t\t\t\t\t\t<\/div>\n\t\t<\/div>\n\t\t\t\t<\/div>\n\t\t\t\t<\/div>\n\t\t\t\t\t<\/div>\n\t\t<\/div>\n\t\t\t\t<div class=\"elementor-column elementor-col-50 elementor-top-column elementor-element elementor-element-3a7a0aa\" data-id=\"3a7a0aa\" data-element_type=\"column\">\n\t\t\t<div class=\"elementor-widget-wrap elementor-element-populated\">\n\t\t\t\t\t\t\t\t<div class=\"elementor-element elementor-element-0260619 elementor-view-stacked elementor-hidden-desktop elementor-hidden-tablet elementor-hidden-mobile elementor-shape-circle elementor-position-top elementor-vertical-align-top elementor-widget elementor-widget-icon-box\" data-id=\"0260619\" data-element_type=\"widget\" data-widget_type=\"icon-box.default\">\n\t\t\t\t<div class=\"elementor-widget-container\">\n\t\t\t\t\t<div class=\"elementor-icon-box-wrapper\">\n\t\t\t\t\t\t<div class=\"elementor-icon-box-icon\">\n\t\t\t\t<a class=\"elementor-icon elementor-animation-\" href=\"https:\/\/www.volkanaktas.com.tr\/test3\/wp-content\/uploads\/2021\/12\/bolgetanitim.pdf\" target=\"_blank\">\n\t\t\t\t<i aria-hidden=\"true\" class=\"far fa-file-pdf\"><\/i>\t\t\t\t<\/a>\n\t\t\t<\/div>\n\t\t\t\t\t\t<div class=\"elementor-icon-box-content\">\n\t\t\t\t<h4 class=\"elementor-icon-box-title\">\n\t\t\t\t\t<a href=\"https:\/\/www.volkanaktas.com.tr\/test3\/wp-content\/uploads\/2021\/12\/bolgetanitim.pdf\" target=\"_blank\" >\n\t\t\t\t\t\tCunda Esen Otel - B\u00f6lge Tan\u0131t\u0131m\t\t\t\t\t<\/a>\n\t\t\t\t<\/h4>\n\t\t\t\t\t\t\t\t\t<p class=\"elementor-icon-box-description\">\n\t\t\t\t\t\tGezilecek yerler hakk\u0131nda detayl\u0131 tan\u0131t\u0131m dosyas\u0131 PDF\t\t\t\t\t<\/p>\n\t\t\t\t\t\t\t<\/div>\n\t\t<\/div>\n\t\t\t\t<\/div>\n\t\t\t\t<\/div>\n\t\t\t\t\t<\/div>\n\t\t<\/div>\n\t\t\t\t\t\t\t<\/div>\n\t\t<\/section>\n\t\t\t\t\t\t<\/div>\n\t\t\t\t\t<\/div>\n\t\t","protected":false},"excerpt":{"rendered":"<p>Eine GESCHICHTE in der CUNDA vorkommt \u2026<br \/>\nJede Insel hat eine Geschichte, und wenn Sie genau zuh\u00f6ren, erz\u00e4hlt Cunda Ihnen Ihre eigene Geschichte. Weit weg von der verr\u00fcckten Menge, aber das Vergn\u00fcgen ist da, weg vom Verkehr, aber nicht unerreichbar, weg von der popul\u00e4ren Kulturauferlegung, aber nicht \u00fcberholt, w\u00fcrdevoll und ruhig, aber nicht verlassen, weg <\/p>\n","protected":false},"author":1,"featured_media":0,"parent":0,"menu_order":0,"comment_status":"closed","ping_status":"closed","template":"","meta":{"footnotes":""},"class_list":["post-2963","page","type-page","status-publish","hentry"],"yoast_head":"<!-- This site is optimized with the Yoast SEO plugin v17.7.1 - https:\/\/yoast.com\/wordpress\/plugins\/seo\/ -->\n<title>\u00dcber uns - Cunda Esen Hotel<\/title>\n<meta name=\"robots\" content=\"index, follow, max-snippet:-1, max-image-preview:large, max-video-preview:-1\" \/>\n<link rel=\"canonical\" href=\"https:\/\/www.cundaesenotel.com\/de\/uber-uns\/\" \/>\n<meta property=\"og:locale\" content=\"tr_TR\" \/>\n<meta property=\"og:type\" content=\"article\" \/>\n<meta property=\"og:title\" content=\"\u00dcber uns - Cunda Esen Hotel\" \/>\n<meta property=\"og:description\" content=\"Eine GESCHICHTE in der CUNDA vorkommt \u2026 Jede Insel hat eine Geschichte, und wenn Sie genau zuh\u00f6ren, erz\u00e4hlt Cunda Ihnen Ihre eigene Geschichte. Weit weg von der verr\u00fcckten Menge, aber das Vergn\u00fcgen ist da, weg vom Verkehr, aber nicht unerreichbar, weg von der popul\u00e4ren Kulturauferlegung, aber nicht \u00fcberholt, w\u00fcrdevoll und ruhig, aber nicht verlassen, weg\" \/>\n<meta property=\"og:url\" content=\"https:\/\/www.cundaesenotel.com\/de\/uber-uns\/\" \/>\n<meta property=\"og:site_name\" content=\"Cunda Esen Hotel\" \/>\n<meta property=\"article:modified_time\" content=\"2022-01-16T11:11:21+00:00\" \/>\n<meta name=\"twitter:card\" content=\"summary_large_image\" \/>\n<meta name=\"twitter:label1\" content=\"Tahmini okuma s\u00fcresi\" \/>\n\t<meta name=\"twitter:data1\" content=\"2 dakika\" \/>\n<script type=\"application\/ld+json\" class=\"yoast-schema-graph\">{\"@context\":\"https:\/\/schema.org\",\"@graph\":[{\"@type\":\"Organization\",\"@id\":\"https:\/\/www.cundaesenotel.com\/de\/#organization\",\"name\":\"Cunda Esen Otel\",\"url\":\"https:\/\/www.cundaesenotel.com\/de\/\",\"sameAs\":[],\"logo\":{\"@type\":\"ImageObject\",\"@id\":\"https:\/\/www.cundaesenotel.com\/de\/#logo\",\"inLanguage\":\"tr\",\"url\":\"https:\/\/www.volkanaktas.com.tr\/test3\/wp-content\/uploads\/2021\/11\/cundaesenotelhakkimizdaic.jpg\",\"contentUrl\":\"https:\/\/www.volkanaktas.com.tr\/test3\/wp-content\/uploads\/2021\/11\/cundaesenotelhakkimizdaic.jpg\",\"width\":1600,\"height\":600,\"caption\":\"Cunda Esen Otel\"},\"image\":{\"@id\":\"https:\/\/www.cundaesenotel.com\/de\/#logo\"}},{\"@type\":\"WebSite\",\"@id\":\"https:\/\/www.cundaesenotel.com\/de\/#website\",\"url\":\"https:\/\/www.cundaesenotel.com\/de\/\",\"name\":\"Cunda Esen Hotel\",\"description\":\"Ayval\\u0131k Cunda Insel\",\"publisher\":{\"@id\":\"https:\/\/www.cundaesenotel.com\/de\/#organization\"},\"potentialAction\":[{\"@type\":\"SearchAction\",\"target\":{\"@type\":\"EntryPoint\",\"urlTemplate\":\"https:\/\/www.cundaesenotel.com\/de\/?s={search_term_string}\"},\"query-input\":\"required name=search_term_string\"}],\"inLanguage\":\"tr\"},{\"@type\":\"WebPage\",\"@id\":\"https:\/\/www.cundaesenotel.com\/de\/uber-uns\/#webpage\",\"url\":\"https:\/\/www.cundaesenotel.com\/de\/uber-uns\/\",\"name\":\"\\u00dcber uns - Cunda Esen Hotel\",\"isPartOf\":{\"@id\":\"https:\/\/www.cundaesenotel.com\/de\/#website\"},\"datePublished\":\"2019-05-25T06:37:15+00:00\",\"dateModified\":\"2022-01-16T11:11:21+00:00\",\"breadcrumb\":{\"@id\":\"https:\/\/www.cundaesenotel.com\/de\/uber-uns\/#breadcrumb\"},\"inLanguage\":\"tr\",\"potentialAction\":[{\"@type\":\"ReadAction\",\"target\":[\"https:\/\/www.cundaesenotel.com\/de\/uber-uns\/\"]}]},{\"@type\":\"BreadcrumbList\",\"@id\":\"https:\/\/www.cundaesenotel.com\/de\/uber-uns\/#breadcrumb\",\"itemListElement\":[{\"@type\":\"ListItem\",\"position\":1,\"name\":\"Anasayfa\",\"item\":\"https:\/\/www.cundaesenotel.com\/de\/\"},{\"@type\":\"ListItem\",\"position\":2,\"name\":\"\\u00dcber uns\"}]}]}<\/script>\n<!-- \/ Yoast SEO plugin. -->","yoast_head_json":{"title":"\u00dcber uns - Cunda Esen Hotel","robots":{"index":"index","follow":"follow","max-snippet":"max-snippet:-1","max-image-preview":"max-image-preview:large","max-video-preview":"max-video-preview:-1"},"canonical":"https:\/\/www.cundaesenotel.com\/de\/uber-uns\/","og_locale":"tr_TR","og_type":"article","og_title":"\u00dcber uns - Cunda Esen Hotel","og_description":"Eine GESCHICHTE in der CUNDA vorkommt \u2026 Jede Insel hat eine Geschichte, und wenn Sie genau zuh\u00f6ren, erz\u00e4hlt Cunda Ihnen Ihre eigene Geschichte. Weit weg von der verr\u00fcckten Menge, aber das Vergn\u00fcgen ist da, weg vom Verkehr, aber nicht unerreichbar, weg von der popul\u00e4ren Kulturauferlegung, aber nicht \u00fcberholt, w\u00fcrdevoll und ruhig, aber nicht verlassen, weg","og_url":"https:\/\/www.cundaesenotel.com\/de\/uber-uns\/","og_site_name":"Cunda Esen Hotel","article_modified_time":"2022-01-16T11:11:21+00:00","twitter_card":"summary_large_image","twitter_misc":{"Tahmini okuma s\u00fcresi":"2 dakika"},"schema":{"@context":"https:\/\/schema.org","@graph":[{"@type":"Organization","@id":"https:\/\/www.cundaesenotel.com\/de\/#organization","name":"Cunda Esen Otel","url":"https:\/\/www.cundaesenotel.com\/de\/","sameAs":[],"logo":{"@type":"ImageObject","@id":"https:\/\/www.cundaesenotel.com\/de\/#logo","inLanguage":"tr","url":"https:\/\/www.volkanaktas.com.tr\/test3\/wp-content\/uploads\/2021\/11\/cundaesenotelhakkimizdaic.jpg","contentUrl":"https:\/\/www.volkanaktas.com.tr\/test3\/wp-content\/uploads\/2021\/11\/cundaesenotelhakkimizdaic.jpg","width":1600,"height":600,"caption":"Cunda Esen Otel"},"image":{"@id":"https:\/\/www.cundaesenotel.com\/de\/#logo"}},{"@type":"WebSite","@id":"https:\/\/www.cundaesenotel.com\/de\/#website","url":"https:\/\/www.cundaesenotel.com\/de\/","name":"Cunda Esen Hotel","description":"Ayval\u0131k Cunda Insel","publisher":{"@id":"https:\/\/www.cundaesenotel.com\/de\/#organization"},"potentialAction":[{"@type":"SearchAction","target":{"@type":"EntryPoint","urlTemplate":"https:\/\/www.cundaesenotel.com\/de\/?s={search_term_string}"},"query-input":"required name=search_term_string"}],"inLanguage":"tr"},{"@type":"WebPage","@id":"https:\/\/www.cundaesenotel.com\/de\/uber-uns\/#webpage","url":"https:\/\/www.cundaesenotel.com\/de\/uber-uns\/","name":"\u00dcber uns - Cunda Esen Hotel","isPartOf":{"@id":"https:\/\/www.cundaesenotel.com\/de\/#website"},"datePublished":"2019-05-25T06:37:15+00:00","dateModified":"2022-01-16T11:11:21+00:00","breadcrumb":{"@id":"https:\/\/www.cundaesenotel.com\/de\/uber-uns\/#breadcrumb"},"inLanguage":"tr","potentialAction":[{"@type":"ReadAction","target":["https:\/\/www.cundaesenotel.com\/de\/uber-uns\/"]}]},{"@type":"BreadcrumbList","@id":"https:\/\/www.cundaesenotel.com\/de\/uber-uns\/#breadcrumb","itemListElement":[{"@type":"ListItem","position":1,"name":"Anasayfa","item":"https:\/\/www.cundaesenotel.com\/de\/"},{"@type":"ListItem","position":2,"name":"\u00dcber uns"}]}]}},"_links":{"self":[{"href":"https:\/\/www.cundaesenotel.com\/de\/wp-json\/wp\/v2\/pages\/2963","targetHints":{"allow":["GET"]}}],"collection":[{"href":"https:\/\/www.cundaesenotel.com\/de\/wp-json\/wp\/v2\/pages"}],"about":[{"href":"https:\/\/www.cundaesenotel.com\/de\/wp-json\/wp\/v2\/types\/page"}],"author":[{"embeddable":true,"href":"https:\/\/www.cundaesenotel.com\/de\/wp-json\/wp\/v2\/users\/1"}],"replies":[{"embeddable":true,"href":"https:\/\/www.cundaesenotel.com\/de\/wp-json\/wp\/v2\/comments?post=2963"}],"version-history":[{"count":30,"href":"https:\/\/www.cundaesenotel.com\/de\/wp-json\/wp\/v2\/pages\/2963\/revisions"}],"predecessor-version":[{"id":6105,"href":"https:\/\/www.cundaesenotel.com\/de\/wp-json\/wp\/v2\/pages\/2963\/revisions\/6105"}],"wp:attachment":[{"href":"https:\/\/www.cundaesenotel.com\/de\/wp-json\/wp\/v2\/media?parent=2963"}],"curies":[{"name":"wp","href":"https:\/\/api.w.org\/{rel}","templated":true}]}}