{"id":2966,"date":"2019-05-25T06:39:03","date_gmt":"2019-05-25T06:39:03","guid":{"rendered":"http:\/\/sailing.thimpress.com\/elementor08\/?page_id=2966"},"modified":"2021-12-23T14:32:56","modified_gmt":"2021-12-23T14:32:56","slug":"kontakte","status":"publish","type":"page","link":"https:\/\/www.cundaesenotel.com\/de\/kontakte\/","title":{"rendered":"Kontakte"},"content":{"rendered":"\t\t<div data-elementor-type=\"wp-post\" data-elementor-id=\"2966\" class=\"elementor elementor-2966\" data-elementor-settings=\"[]\">\n\t\t\t\t\t\t\t<div class=\"elementor-section-wrap\">\n\t\t\t\t\t\t\t<section class=\"elementor-section elementor-top-section elementor-element elementor-element-315817b elementor-section-boxed elementor-section-height-default elementor-section-height-default\" data-id=\"315817b\" data-element_type=\"section\">\n\t\t\t\t\t\t<div class=\"elementor-container elementor-column-gap-default\">\n\t\t\t\t\t<div class=\"elementor-column elementor-col-50 elementor-top-column elementor-element elementor-element-0c0de2f\" data-id=\"0c0de2f\" data-element_type=\"column\">\n\t\t\t<div class=\"elementor-widget-wrap elementor-element-populated\">\n\t\t\t\t\t\t\t\t<div class=\"elementor-element elementor-element-4a21f8e elementor-widget elementor-widget-thim-icon-box\" data-id=\"4a21f8e\" data-element_type=\"widget\" data-widget_type=\"thim-icon-box.default\">\n\t\t\t\t<div class=\"elementor-widget-container\">\n\t\t\t<div class=\"inner-box auto-hidden\"><div  class=\"wrapper-box-icon text-center   wrapper-line-heading\" ><div class=\"smicon-box iconbox-top\"><div class=\"content-inner\" ><div class=\"sc-heading article_heading\"><h2 class = \"heading__primary\" >Kontaktinformation<\/h2><span class=\"line-heading\"><span><\/span><\/span><\/div><\/div><\/div><!--end smicon-box--><\/div><\/div><style>\n\t.smicon-read:hover{\n\t\tcolor: !important;\n\t\tbackground: !important;\n\t}\n\t.smicon-box .boxes-icon:hover{\n\t\tcolor: !important;\n\t\tborder-color: !important;\n\t\tbackground-color:  !important;\n\t}\n\t.smicon-box .boxes-icon:hover .icon i{\n\t\tcolor: !important;\n\t}\n<\/style>\t\t<\/div>\n\t\t\t\t<\/div>\n\t\t\t\t<div class=\"elementor-element elementor-element-692a7c3 elementor-widget elementor-widget-text-editor\" data-id=\"692a7c3\" data-element_type=\"widget\" data-widget_type=\"text-editor.default\">\n\t\t\t\t<div class=\"elementor-widget-container\">\n\t\t\t\t\t\t\t<p><img loading=\"lazy\" decoding=\"async\" class=\"aligncenter wp-image-4656\" src=\"https:\/\/www.volkanaktas.com.tr\/test3\/wp-content\/uploads\/2021\/11\/adresicon-1.png\" alt=\"\" width=\"26\" height=\"26\" srcset=\"https:\/\/www.cundaesenotel.com\/de\/wp-content\/uploads\/2021\/11\/adresicon-1.png 100w, https:\/\/www.cundaesenotel.com\/de\/wp-content\/uploads\/2021\/11\/adresicon-1-12x12.png 12w\" sizes=\"auto, (max-width: 26px) 100vw, 26px\" \/><\/p><p>Mithatpa\u015fa Mah. Mevlana Cad. 1\/2 Sokak No: 3<br \/>Cunda Adas\u0131 \/ Ayval\u0131k<\/p>\t\t\t\t\t\t<\/div>\n\t\t\t\t<\/div>\n\t\t\t\t<div class=\"elementor-element elementor-element-afd01f7 elementor-widget elementor-widget-thim-icon-box\" data-id=\"afd01f7\" data-element_type=\"widget\" data-widget_type=\"thim-icon-box.default\">\n\t\t\t\t<div class=\"elementor-widget-container\">\n\t\t\t<div class=\"inner-box auto-hidden\"><div  class=\"wrapper-box-icon has_custom_image text-center  \" ><div class=\"smicon-box iconbox-top\"><div class=\"boxes-icon\" style=\"width: 30px;\"><span class=\"inner-icon\"><span class=\"icon icon-images\"><img loading=\"lazy\" decoding=\"async\" src=\"https:\/\/www.cundaesenotel.com\/de\/wp-content\/uploads\/2021\/11\/phoneicon.png\" alt=\"phoneicon\" title=\"phoneicon\"  width=\"100\" height=\"100\"><\/span><\/span><\/div><div class=\"content-inner\" ><div class=\"desc-icon-box\"><div style=\"color: #000000;font-weight: normal;\">\nTelefon: <a href=\"tel:+900266 327 19 12\" class=\"value\"><b> +900266 327 19 12<\/b><\/a><br \/>\nGSM: <a href=\"tel:+900535 745 07 79\" class=\"value\"><b> +900535 745 07 79<\/b><\/a><br \/>\nE-mail: <a href=\"mailto:cunda@cundaesenotel.com\"><b>cunda@cundaesenotel.com<\/b><\/a><\/div><\/div><\/div><\/div><!--end smicon-box--><\/div><\/div><style>\n\t.smicon-read:hover{\n\t\tcolor: !important;\n\t\tbackground: !important;\n\t}\n\t.smicon-box .boxes-icon:hover{\n\t\tcolor: !important;\n\t\tborder-color: !important;\n\t\tbackground-color:  !important;\n\t}\n\t.smicon-box .boxes-icon:hover .icon i{\n\t\tcolor: !important;\n\t}\n<\/style>\t\t<\/div>\n\t\t\t\t<\/div>\n\t\t\t\t<div class=\"elementor-element elementor-element-5dfe703 elementor-hidden-desktop elementor-hidden-tablet elementor-hidden-mobile elementor-widget elementor-widget-thim-icon-box\" data-id=\"5dfe703\" data-element_type=\"widget\" data-widget_type=\"thim-icon-box.default\">\n\t\t\t\t<div class=\"elementor-widget-container\">\n\t\t\t<div class=\"inner-box auto-hidden\"><div  class=\"wrapper-box-icon text-center  \" ><div class=\"smicon-box iconbox-top\"><div class=\"content-inner\" ><div class=\"sc-heading article_heading\"><h2 class = \"heading__primary\" >Hesap Bilgileri<\/h2><\/div><div class=\"desc-icon-box\"><div style=\"color: #000000;font-weight: normal;\">T\u00fcrkiye \u0130\u015f Bankas\u0131 \/ Ayval\u0131k \u015eubesi<br \/>\n\u015eube Kodu : 2120<br \/>\nHesap Numaras\u0131 : 0844092<br \/>\nHesap Ad\u0131 : Esen Kandiye<br \/>\nIBAN : TR84 0006 4000 0012 1200 8440 92<\/div><\/div><\/div><\/div><!--end smicon-box--><\/div><\/div><style>\n\t.smicon-read:hover{\n\t\tcolor: !important;\n\t\tbackground: !important;\n\t}\n\t.smicon-box .boxes-icon:hover{\n\t\tcolor: !important;\n\t\tborder-color: !important;\n\t\tbackground-color:  !important;\n\t}\n\t.smicon-box .boxes-icon:hover .icon i{\n\t\tcolor: !important;\n\t}\n<\/style>\t\t<\/div>\n\t\t\t\t<\/div>\n\t\t\t\t<div class=\"elementor-element elementor-element-1e0f3c7 elementor-hidden-desktop elementor-hidden-tablet elementor-hidden-mobile elementor-widget elementor-widget-text-editor\" data-id=\"1e0f3c7\" data-element_type=\"widget\" data-widget_type=\"text-editor.default\">\n\t\t\t\t<div class=\"elementor-widget-container\">\n\t\t\t\t\t\t\t<p>Mail Order Formu<\/p><p><a href=\"https:\/\/www.volkanaktas.com.tr\/test3\/wp-content\/uploads\/2021\/12\/pdf-1.png\"><img loading=\"lazy\" decoding=\"async\" class=\"aligncenter wp-image-5738\" src=\"https:\/\/www.volkanaktas.com.tr\/test3\/wp-content\/uploads\/2021\/12\/pdf-1-150x150.png\" alt=\"Mail Order Formu\" width=\"50\" height=\"50\" srcset=\"https:\/\/www.cundaesenotel.com\/de\/wp-content\/uploads\/2021\/12\/pdf-1-150x150.png 150w, https:\/\/www.cundaesenotel.com\/de\/wp-content\/uploads\/2021\/12\/pdf-1-300x300.png 300w, https:\/\/www.cundaesenotel.com\/de\/wp-content\/uploads\/2021\/12\/pdf-1-60x60.png 60w, https:\/\/www.cundaesenotel.com\/de\/wp-content\/uploads\/2021\/12\/pdf-1.png 512w\" sizes=\"auto, (max-width: 50px) 100vw, 50px\" \/><\/a><\/p>\t\t\t\t\t\t<\/div>\n\t\t\t\t<\/div>\n\t\t\t\t<div class=\"elementor-element elementor-element-ec761e3 text-center elementor-widget elementor-widget-thim-social\" data-id=\"ec761e3\" data-element_type=\"widget\" data-widget_type=\"thim-social.default\">\n\t\t\t\t<div class=\"elementor-widget-container\">\n\t\t\t<div class=\"thim-social version-new\">\n\t\t<ul class=\"social_link\">\n\t\t<li><a class=\"facebook hasTooltip\"  href=\"https:\/\/www.facebook.com\/cundaesenhotel\/\" target=\"_blank\"><i class=\"fa fa-facebook\"><\/i><\/a><\/li><li><a class=\"instagram hasTooltip\"  href=\"https:\/\/www.instagram.com\/cundaesenotel\/\" target=\"_blank\"><i class=\"fa fa-instagram\"><\/i><\/a><\/li>\t<\/ul>\n<\/div>\t\t<\/div>\n\t\t\t\t<\/div>\n\t\t\t\t\t<\/div>\n\t\t<\/div>\n\t\t\t\t<div class=\"elementor-column elementor-col-50 elementor-top-column elementor-element elementor-element-6d6f5e5\" data-id=\"6d6f5e5\" data-element_type=\"column\">\n\t\t\t<div class=\"elementor-widget-wrap elementor-element-populated\">\n\t\t\t\t\t\t\t\t<div class=\"elementor-element elementor-element-9ff6e03 elementor-widget elementor-widget-thim-icon-box\" data-id=\"9ff6e03\" data-element_type=\"widget\" data-widget_type=\"thim-icon-box.default\">\n\t\t\t\t<div class=\"elementor-widget-container\">\n\t\t\t<div class=\"inner-box auto-hidden\"><div  class=\"wrapper-box-icon text-center   wrapper-line-heading\" ><div class=\"smicon-box iconbox-top\"><div class=\"content-inner\" ><div class=\"sc-heading article_heading\"><h2 class = \"heading__primary\" >Kontakt Formular<\/h2><span class=\"line-heading\"><span><\/span><\/span><\/div><div class=\"desc-icon-box\"><div style=\"font-weight: normal;\">Kontaktieren Sie uns gerne \u00fcber unser Kontaktformular.<p>\nWir werden uns so schnell wie m\u00f6glich mit Ihnen in Verbindung setzen.<\/div><\/div><\/div><\/div><!--end smicon-box--><\/div><\/div><style>\n\t.smicon-read:hover{\n\t\tcolor: !important;\n\t\tbackground: !important;\n\t}\n\t.smicon-box .boxes-icon:hover{\n\t\tcolor: !important;\n\t\tborder-color: !important;\n\t\tbackground-color:  !important;\n\t}\n\t.smicon-box .boxes-icon:hover .icon i{\n\t\tcolor: !important;\n\t}\n<\/style>\t\t<\/div>\n\t\t\t\t<\/div>\n\t\t\t\t<div class=\"elementor-element elementor-element-0786c7e elementor-widget elementor-widget-shortcode\" data-id=\"0786c7e\" data-element_type=\"widget\" data-widget_type=\"shortcode.default\">\n\t\t\t\t<div class=\"elementor-widget-container\">\n\t\t\t\t\t<div class=\"elementor-shortcode\"><div role=\"form\" class=\"wpcf7\" id=\"wpcf7-f1915-o1\" lang=\"en-US\" dir=\"ltr\">\n<div class=\"screen-reader-response\"><p role=\"status\" aria-live=\"polite\" aria-atomic=\"true\"><\/p> <ul><\/ul><\/div>\n<form action=\"\/de\/wp-json\/wp\/v2\/pages\/2966#wpcf7-f1915-o1\" method=\"post\" class=\"wpcf7-form init\" novalidate=\"novalidate\" data-status=\"init\">\n<div style=\"display: none;\">\n<input type=\"hidden\" name=\"_wpcf7\" value=\"1915\" \/>\n<input type=\"hidden\" name=\"_wpcf7_version\" value=\"5.5.3\" \/>\n<input type=\"hidden\" name=\"_wpcf7_locale\" value=\"en_US\" \/>\n<input type=\"hidden\" name=\"_wpcf7_unit_tag\" value=\"wpcf7-f1915-o1\" \/>\n<input type=\"hidden\" name=\"_wpcf7_container_post\" value=\"0\" \/>\n<input type=\"hidden\" name=\"_wpcf7_posted_data_hash\" value=\"\" \/>\n<\/div>\n<div class=\"row\">\n<div class=\"col-sm-6\"><span class=\"wpcf7-form-control-wrap your-name\"><input type=\"text\" name=\"your-name\" value=\"\" size=\"40\" class=\"wpcf7-form-control wpcf7-text\" aria-invalid=\"false\" placeholder=\"Vorname Nachname\" \/><\/span><\/div>\n<div class=\"col-sm-6\"><span class=\"wpcf7-form-control-wrap your-email\"><input type=\"email\" name=\"your-email\" value=\"\" size=\"40\" class=\"wpcf7-form-control wpcf7-text wpcf7-email wpcf7-validates-as-required wpcf7-validates-as-email\" aria-required=\"true\" aria-invalid=\"false\" placeholder=\"E-Mail-Addresse\" \/><\/span><\/div>\n<\/div>\n<div class=\"row\">\n<div class=\"col-sm-12\"><span class=\"wpcf7-form-control-wrap your-subject\"><input type=\"text\" name=\"your-subject\" value=\"\" size=\"40\" class=\"wpcf7-form-control wpcf7-text\" aria-invalid=\"false\" placeholder=\"Gegenstand\" \/><\/span><\/div>\n<\/div>\n<div class=\"row\">\n<div class=\"col-sm-12\"><span class=\"wpcf7-form-control-wrap your-message\"><textarea name=\"your-message\" cols=\"40\" rows=\"10\" class=\"wpcf7-form-control wpcf7-textarea\" aria-invalid=\"false\" placeholder=\"Botschaft\"><\/textarea><\/span><\/div>\n<\/div>\n<p><input type=\"submit\" value=\"Senden\" class=\"wpcf7-form-control has-spinner wpcf7-submit\" \/><\/p>\n<div class=\"wpcf7-response-output\" aria-hidden=\"true\"><\/div><\/form><\/div><\/div>\n\t\t\t\t<\/div>\n\t\t\t\t<\/div>\n\t\t\t\t\t<\/div>\n\t\t<\/div>\n\t\t\t\t\t\t\t<\/div>\n\t\t<\/section>\n\t\t\t\t<section class=\"elementor-section elementor-top-section elementor-element elementor-element-3684c73 elementor-section-boxed elementor-section-height-default elementor-section-height-default\" data-id=\"3684c73\" data-element_type=\"section\">\n\t\t\t\t\t\t<div class=\"elementor-container elementor-column-gap-default\">\n\t\t\t\t\t<div class=\"elementor-column elementor-col-100 elementor-top-column elementor-element elementor-element-d2548a1\" data-id=\"d2548a1\" data-element_type=\"column\">\n\t\t\t<div class=\"elementor-widget-wrap elementor-element-populated\">\n\t\t\t\t\t\t\t\t<div class=\"elementor-element elementor-element-68ead24 elementor-widget elementor-widget-spacer\" data-id=\"68ead24\" data-element_type=\"widget\" data-widget_type=\"spacer.default\">\n\t\t\t\t<div class=\"elementor-widget-container\">\n\t\t\t\t\t<div class=\"elementor-spacer\">\n\t\t\t<div class=\"elementor-spacer-inner\"><\/div>\n\t\t<\/div>\n\t\t\t\t<\/div>\n\t\t\t\t<\/div>\n\t\t\t\t\t<\/div>\n\t\t<\/div>\n\t\t\t\t\t\t\t<\/div>\n\t\t<\/section>\n\t\t\t\t<section class=\"elementor-section elementor-top-section elementor-element elementor-element-03a6dda elementor-section-full_width elementor-section-content-bottom elementor-section-height-default elementor-section-height-default\" data-id=\"03a6dda\" data-element_type=\"section\">\n\t\t\t\t\t\t<div class=\"elementor-container elementor-column-gap-no\">\n\t\t\t\t\t<div class=\"elementor-column elementor-col-100 elementor-top-column elementor-element elementor-element-ca29ce8\" data-id=\"ca29ce8\" data-element_type=\"column\">\n\t\t\t<div class=\"elementor-widget-wrap elementor-element-populated\">\n\t\t\t\t\t\t\t\t<div class=\"elementor-element elementor-element-f1f6e6d elementor-widget__width-inherit elementor-widget elementor-widget-google_maps\" data-id=\"f1f6e6d\" data-element_type=\"widget\" data-widget_type=\"google_maps.default\">\n\t\t\t\t<div class=\"elementor-widget-container\">\n\t\t\t\t\t<div class=\"elementor-custom-embed\">\n\t\t\t<iframe frameborder=\"0\" scrolling=\"no\" marginheight=\"0\" marginwidth=\"0\"\n\t\t\t\t\tsrc=\"https:\/\/maps.google.com\/maps?q=Cunda%20Esen%20Otel&#038;t=m&#038;z=18&#038;output=embed&#038;iwloc=near\"\n\t\t\t\t\ttitle=\"Cunda Esen Otel\"\n\t\t\t\t\taria-label=\"Cunda Esen Otel\"\n\t\t\t><\/iframe>\n\t\t<\/div>\n\t\t\t\t<\/div>\n\t\t\t\t<\/div>\n\t\t\t\t\t<\/div>\n\t\t<\/div>\n\t\t\t\t\t\t\t<\/div>\n\t\t<\/section>\n\t\t\t\t\t\t<\/div>\n\t\t\t\t\t<\/div>\n\t\t","protected":false},"excerpt":{"rendered":"<p>Kontaktinformation<\/p>\n<p>\n\t.smicon-read:hover{<br \/>\n\t\tcolor: !important;<br \/>\n\t\tbackground: !important;<br \/>\n\t}<br \/>\n\t.smicon-box .boxes-icon:hover{<br \/>\n\t\tcolor: !important;<br \/>\n\t\tborder-color: !important;<br \/>\n\t\tbackground-color:  !important;<br \/>\n\t}<br \/>\n\t.smicon-box .boxes-icon:hover .icon i{<br \/>\n\t\tcolor: !important;<br \/>\n\t}<\/p>\n<p>\nMithatpa\u015fa Mah. Mevlana Cad. 1\/2 Sokak No: 3Cunda Adas\u0131 \/ Ayval\u0131k<\/p>\n<p>Telefon:  +900266 327 19 12<br \/>\nGSM:  +900535 745 07 79<br \/>\nE-mail: cunda@cundaesenotel.com<br \/>\n<br \n<\/p>\n","protected":false},"author":1,"featured_media":0,"parent":0,"menu_order":0,"comment_status":"closed","ping_status":"closed","template":"","meta":{"footnotes":""},"class_list":["post-2966","page","type-page","status-publish","hentry"],"yoast_head":"<!-- This site is optimized with the Yoast SEO plugin v17.7.1 - https:\/\/yoast.com\/wordpress\/plugins\/seo\/ -->\n<title>Kontakte - Cunda Esen Hotel<\/title>\n<meta name=\"robots\" content=\"index, follow, max-snippet:-1, max-image-preview:large, max-video-preview:-1\" \/>\n<link rel=\"canonical\" href=\"https:\/\/www.cundaesenotel.com\/de\/kontakte\/\" \/>\n<meta property=\"og:locale\" content=\"tr_TR\" \/>\n<meta property=\"og:type\" content=\"article\" \/>\n<meta property=\"og:title\" content=\"Kontakte - Cunda Esen Hotel\" \/>\n<meta property=\"og:description\" content=\"Kontaktinformation  .smicon-read:hover{  color: !important;  background: !important; } .smicon-box .boxes-icon:hover{  color: !important;  border-color: !important;  background-color: !important; } .smicon-box .boxes-icon:hover .icon i{  color: !important; }  Mithatpa\u015fa Mah. Mevlana Cad. 1\/2 Sokak No: 3Cunda Adas\u0131 \/ Ayval\u0131k   Telefon: +900266 327 19 12 GSM: +900535 745 07 79 E-mail: cunda@cundaesenotel.com\" \/>\n<meta property=\"og:url\" content=\"https:\/\/www.cundaesenotel.com\/de\/kontakte\/\" \/>\n<meta property=\"og:site_name\" content=\"Cunda Esen Hotel\" \/>\n<meta property=\"article:modified_time\" content=\"2021-12-23T14:32:56+00:00\" \/>\n<meta property=\"og:image\" content=\"https:\/\/www.volkanaktas.com.tr\/test3\/wp-content\/uploads\/2021\/11\/adresicon-1.png\" \/>\n<meta name=\"twitter:card\" content=\"summary_large_image\" \/>\n<meta name=\"twitter:label1\" content=\"Tahmini okuma s\u00fcresi\" \/>\n\t<meta name=\"twitter:data1\" content=\"2 dakika\" \/>\n<script type=\"application\/ld+json\" class=\"yoast-schema-graph\">{\"@context\":\"https:\/\/schema.org\",\"@graph\":[{\"@type\":\"Organization\",\"@id\":\"https:\/\/www.cundaesenotel.com\/de\/#organization\",\"name\":\"Cunda Esen Otel\",\"url\":\"https:\/\/www.cundaesenotel.com\/de\/\",\"sameAs\":[],\"logo\":{\"@type\":\"ImageObject\",\"@id\":\"https:\/\/www.cundaesenotel.com\/de\/#logo\",\"inLanguage\":\"tr\",\"url\":\"https:\/\/www.volkanaktas.com.tr\/test3\/wp-content\/uploads\/2021\/11\/cundaesenotelhakkimizdaic.jpg\",\"contentUrl\":\"https:\/\/www.volkanaktas.com.tr\/test3\/wp-content\/uploads\/2021\/11\/cundaesenotelhakkimizdaic.jpg\",\"width\":1600,\"height\":600,\"caption\":\"Cunda Esen Otel\"},\"image\":{\"@id\":\"https:\/\/www.cundaesenotel.com\/de\/#logo\"}},{\"@type\":\"WebSite\",\"@id\":\"https:\/\/www.cundaesenotel.com\/de\/#website\",\"url\":\"https:\/\/www.cundaesenotel.com\/de\/\",\"name\":\"Cunda Esen Hotel\",\"description\":\"Ayval\\u0131k Cunda Insel\",\"publisher\":{\"@id\":\"https:\/\/www.cundaesenotel.com\/de\/#organization\"},\"potentialAction\":[{\"@type\":\"SearchAction\",\"target\":{\"@type\":\"EntryPoint\",\"urlTemplate\":\"https:\/\/www.cundaesenotel.com\/de\/?s={search_term_string}\"},\"query-input\":\"required name=search_term_string\"}],\"inLanguage\":\"tr\"},{\"@type\":\"ImageObject\",\"@id\":\"https:\/\/www.cundaesenotel.com\/de\/kontakte\/#primaryimage\",\"inLanguage\":\"tr\",\"url\":\"https:\/\/www.volkanaktas.com.tr\/test3\/wp-content\/uploads\/2021\/11\/adresicon-1.png\",\"contentUrl\":\"https:\/\/www.volkanaktas.com.tr\/test3\/wp-content\/uploads\/2021\/11\/adresicon-1.png\"},{\"@type\":\"WebPage\",\"@id\":\"https:\/\/www.cundaesenotel.com\/de\/kontakte\/#webpage\",\"url\":\"https:\/\/www.cundaesenotel.com\/de\/kontakte\/\",\"name\":\"Kontakte - Cunda Esen Hotel\",\"isPartOf\":{\"@id\":\"https:\/\/www.cundaesenotel.com\/de\/#website\"},\"primaryImageOfPage\":{\"@id\":\"https:\/\/www.cundaesenotel.com\/de\/kontakte\/#primaryimage\"},\"datePublished\":\"2019-05-25T06:39:03+00:00\",\"dateModified\":\"2021-12-23T14:32:56+00:00\",\"breadcrumb\":{\"@id\":\"https:\/\/www.cundaesenotel.com\/de\/kontakte\/#breadcrumb\"},\"inLanguage\":\"tr\",\"potentialAction\":[{\"@type\":\"ReadAction\",\"target\":[\"https:\/\/www.cundaesenotel.com\/de\/kontakte\/\"]}]},{\"@type\":\"BreadcrumbList\",\"@id\":\"https:\/\/www.cundaesenotel.com\/de\/kontakte\/#breadcrumb\",\"itemListElement\":[{\"@type\":\"ListItem\",\"position\":1,\"name\":\"Anasayfa\",\"item\":\"https:\/\/www.cundaesenotel.com\/de\/\"},{\"@type\":\"ListItem\",\"position\":2,\"name\":\"Kontakte\"}]}]}<\/script>\n<!-- \/ Yoast SEO plugin. -->","yoast_head_json":{"title":"Kontakte - Cunda Esen Hotel","robots":{"index":"index","follow":"follow","max-snippet":"max-snippet:-1","max-image-preview":"max-image-preview:large","max-video-preview":"max-video-preview:-1"},"canonical":"https:\/\/www.cundaesenotel.com\/de\/kontakte\/","og_locale":"tr_TR","og_type":"article","og_title":"Kontakte - Cunda Esen Hotel","og_description":"Kontaktinformation  .smicon-read:hover{  color: !important;  background: !important; } .smicon-box .boxes-icon:hover{  color: !important;  border-color: !important;  background-color: !important; } .smicon-box .boxes-icon:hover .icon i{  color: !important; }  Mithatpa\u015fa Mah. Mevlana Cad. 1\/2 Sokak No: 3Cunda Adas\u0131 \/ Ayval\u0131k   Telefon: +900266 327 19 12 GSM: +900535 745 07 79 E-mail: cunda@cundaesenotel.com","og_url":"https:\/\/www.cundaesenotel.com\/de\/kontakte\/","og_site_name":"Cunda Esen Hotel","article_modified_time":"2021-12-23T14:32:56+00:00","og_image":[{"url":"https:\/\/www.volkanaktas.com.tr\/test3\/wp-content\/uploads\/2021\/11\/adresicon-1.png"}],"twitter_card":"summary_large_image","twitter_misc":{"Tahmini okuma s\u00fcresi":"2 dakika"},"schema":{"@context":"https:\/\/schema.org","@graph":[{"@type":"Organization","@id":"https:\/\/www.cundaesenotel.com\/de\/#organization","name":"Cunda Esen Otel","url":"https:\/\/www.cundaesenotel.com\/de\/","sameAs":[],"logo":{"@type":"ImageObject","@id":"https:\/\/www.cundaesenotel.com\/de\/#logo","inLanguage":"tr","url":"https:\/\/www.volkanaktas.com.tr\/test3\/wp-content\/uploads\/2021\/11\/cundaesenotelhakkimizdaic.jpg","contentUrl":"https:\/\/www.volkanaktas.com.tr\/test3\/wp-content\/uploads\/2021\/11\/cundaesenotelhakkimizdaic.jpg","width":1600,"height":600,"caption":"Cunda Esen Otel"},"image":{"@id":"https:\/\/www.cundaesenotel.com\/de\/#logo"}},{"@type":"WebSite","@id":"https:\/\/www.cundaesenotel.com\/de\/#website","url":"https:\/\/www.cundaesenotel.com\/de\/","name":"Cunda Esen Hotel","description":"Ayval\u0131k Cunda Insel","publisher":{"@id":"https:\/\/www.cundaesenotel.com\/de\/#organization"},"potentialAction":[{"@type":"SearchAction","target":{"@type":"EntryPoint","urlTemplate":"https:\/\/www.cundaesenotel.com\/de\/?s={search_term_string}"},"query-input":"required name=search_term_string"}],"inLanguage":"tr"},{"@type":"ImageObject","@id":"https:\/\/www.cundaesenotel.com\/de\/kontakte\/#primaryimage","inLanguage":"tr","url":"https:\/\/www.volkanaktas.com.tr\/test3\/wp-content\/uploads\/2021\/11\/adresicon-1.png","contentUrl":"https:\/\/www.volkanaktas.com.tr\/test3\/wp-content\/uploads\/2021\/11\/adresicon-1.png"},{"@type":"WebPage","@id":"https:\/\/www.cundaesenotel.com\/de\/kontakte\/#webpage","url":"https:\/\/www.cundaesenotel.com\/de\/kontakte\/","name":"Kontakte - Cunda Esen Hotel","isPartOf":{"@id":"https:\/\/www.cundaesenotel.com\/de\/#website"},"primaryImageOfPage":{"@id":"https:\/\/www.cundaesenotel.com\/de\/kontakte\/#primaryimage"},"datePublished":"2019-05-25T06:39:03+00:00","dateModified":"2021-12-23T14:32:56+00:00","breadcrumb":{"@id":"https:\/\/www.cundaesenotel.com\/de\/kontakte\/#breadcrumb"},"inLanguage":"tr","potentialAction":[{"@type":"ReadAction","target":["https:\/\/www.cundaesenotel.com\/de\/kontakte\/"]}]},{"@type":"BreadcrumbList","@id":"https:\/\/www.cundaesenotel.com\/de\/kontakte\/#breadcrumb","itemListElement":[{"@type":"ListItem","position":1,"name":"Anasayfa","item":"https:\/\/www.cundaesenotel.com\/de\/"},{"@type":"ListItem","position":2,"name":"Kontakte"}]}]}},"_links":{"self":[{"href":"https:\/\/www.cundaesenotel.com\/de\/wp-json\/wp\/v2\/pages\/2966","targetHints":{"allow":["GET"]}}],"collection":[{"href":"https:\/\/www.cundaesenotel.com\/de\/wp-json\/wp\/v2\/pages"}],"about":[{"href":"https:\/\/www.cundaesenotel.com\/de\/wp-json\/wp\/v2\/types\/page"}],"author":[{"embeddable":true,"href":"https:\/\/www.cundaesenotel.com\/de\/wp-json\/wp\/v2\/users\/1"}],"replies":[{"embeddable":true,"href":"https:\/\/www.cundaesenotel.com\/de\/wp-json\/wp\/v2\/comments?post=2966"}],"version-history":[{"count":33,"href":"https:\/\/www.cundaesenotel.com\/de\/wp-json\/wp\/v2\/pages\/2966\/revisions"}],"predecessor-version":[{"id":6080,"href":"https:\/\/www.cundaesenotel.com\/de\/wp-json\/wp\/v2\/pages\/2966\/revisions\/6080"}],"wp:attachment":[{"href":"https:\/\/www.cundaesenotel.com\/de\/wp-json\/wp\/v2\/media?parent=2966"}],"curies":[{"name":"wp","href":"https:\/\/api.w.org\/{rel}","templated":true}]}}