{"id":2966,"date":"2019-05-25T06:39:03","date_gmt":"2019-05-25T06:39:03","guid":{"rendered":"http:\/\/sailing.thimpress.com\/elementor08\/?page_id=2966"},"modified":"2021-12-24T11:29:51","modified_gmt":"2021-12-24T11:29:51","slug":"%ce%b5%cf%80%ce%b9%ce%ba%ce%bf%ce%b9%ce%bd%cf%89%ce%bd%ce%af%ce%b1","status":"publish","type":"page","link":"https:\/\/www.cundaesenotel.com\/gr\/%ce%b5%cf%80%ce%b9%ce%ba%ce%bf%ce%b9%ce%bd%cf%89%ce%bd%ce%af%ce%b1\/","title":{"rendered":"\u0395\u03c0\u03b9\u03ba\u03bf\u03b9\u03bd\u03c9\u03bd\u03af\u03b1"},"content":{"rendered":"\t\t<div data-elementor-type=\"wp-post\" data-elementor-id=\"2966\" class=\"elementor elementor-2966\" data-elementor-settings=\"[]\">\n\t\t\t\t\t\t\t<div class=\"elementor-section-wrap\">\n\t\t\t\t\t\t\t<section class=\"elementor-section elementor-top-section elementor-element elementor-element-315817b elementor-section-boxed elementor-section-height-default elementor-section-height-default\" data-id=\"315817b\" data-element_type=\"section\">\n\t\t\t\t\t\t<div class=\"elementor-container elementor-column-gap-default\">\n\t\t\t\t\t<div class=\"elementor-column elementor-col-50 elementor-top-column elementor-element elementor-element-0c0de2f\" data-id=\"0c0de2f\" data-element_type=\"column\">\n\t\t\t<div class=\"elementor-widget-wrap elementor-element-populated\">\n\t\t\t\t\t\t\t\t<div class=\"elementor-element elementor-element-4a21f8e elementor-widget elementor-widget-thim-icon-box\" data-id=\"4a21f8e\" data-element_type=\"widget\" data-widget_type=\"thim-icon-box.default\">\n\t\t\t\t<div class=\"elementor-widget-container\">\n\t\t\t<div class=\"inner-box auto-hidden\"><div  class=\"wrapper-box-icon text-center   wrapper-line-heading\" ><div class=\"smicon-box iconbox-top\"><div class=\"content-inner\" ><div class=\"sc-heading article_heading\"><h2 class = \"heading__primary\" >\u03c3\u03c4\u03bf\u03b9\u03c7\u03b5\u03af\u03b1 \u03b5\u03c0\u03b9\u03ba\u03bf\u03b9\u03bd\u03c9\u03bd\u03af\u03b1\u03c2<\/h2><span class=\"line-heading\"><span><\/span><\/span><\/div><\/div><\/div><!--end smicon-box--><\/div><\/div><style>\n\t.smicon-read:hover{\n\t\tcolor: !important;\n\t\tbackground: !important;\n\t}\n\t.smicon-box .boxes-icon:hover{\n\t\tcolor: !important;\n\t\tborder-color: !important;\n\t\tbackground-color:  !important;\n\t}\n\t.smicon-box .boxes-icon:hover .icon i{\n\t\tcolor: !important;\n\t}\n<\/style>\t\t<\/div>\n\t\t\t\t<\/div>\n\t\t\t\t<div class=\"elementor-element elementor-element-692a7c3 elementor-widget elementor-widget-text-editor\" data-id=\"692a7c3\" data-element_type=\"widget\" data-widget_type=\"text-editor.default\">\n\t\t\t\t<div class=\"elementor-widget-container\">\n\t\t\t\t\t\t\t<p><img loading=\"lazy\" decoding=\"async\" class=\"aligncenter wp-image-4656\" src=\"https:\/\/www.volkanaktas.com.tr\/test3\/wp-content\/uploads\/2021\/11\/adresicon-1.png\" alt=\"\" width=\"26\" height=\"26\" srcset=\"https:\/\/www.cundaesenotel.com\/gr\/wp-content\/uploads\/2021\/11\/adresicon-1.png 100w, https:\/\/www.cundaesenotel.com\/gr\/wp-content\/uploads\/2021\/11\/adresicon-1-12x12.png 12w\" sizes=\"auto, (max-width: 26px) 100vw, 26px\" \/><\/p><p>Mithatpa\u015fa Mah. Mevlana Cad. 1\/2 Sokak No: 3<br \/>Cunda Adas\u0131 \/ Ayval\u0131k<\/p>\t\t\t\t\t\t<\/div>\n\t\t\t\t<\/div>\n\t\t\t\t<div class=\"elementor-element elementor-element-afd01f7 elementor-widget elementor-widget-thim-icon-box\" data-id=\"afd01f7\" data-element_type=\"widget\" data-widget_type=\"thim-icon-box.default\">\n\t\t\t\t<div class=\"elementor-widget-container\">\n\t\t\t<div class=\"inner-box auto-hidden\"><div  class=\"wrapper-box-icon has_custom_image text-center  \" ><div class=\"smicon-box iconbox-top\"><div class=\"boxes-icon\" style=\"width: 30px;\"><span class=\"inner-icon\"><span class=\"icon icon-images\"><img loading=\"lazy\" decoding=\"async\" src=\"https:\/\/www.cundaesenotel.com\/gr\/wp-content\/uploads\/2021\/11\/phoneicon.png\" alt=\"phoneicon\" title=\"phoneicon\"  width=\"100\" height=\"100\"><\/span><\/span><\/div><div class=\"content-inner\" ><div class=\"desc-icon-box\"><div style=\"color: #000000;font-weight: normal;\">\nTelefon: <a href=\"tel:+900266 327 19 12\" class=\"value\"><b> +900266 327 19 12<\/b><\/a><br \/>\nGSM: <a href=\"tel:+900535 745 07 79\" class=\"value\"><b> +900535 745 07 79<\/b><\/a><br \/>\nE-mail: <a href=\"mailto:cunda@cundaesenotel.com\"><b>cunda@cundaesenotel.com<\/b><\/a><\/div><\/div><\/div><\/div><!--end smicon-box--><\/div><\/div><style>\n\t.smicon-read:hover{\n\t\tcolor: !important;\n\t\tbackground: !important;\n\t}\n\t.smicon-box .boxes-icon:hover{\n\t\tcolor: !important;\n\t\tborder-color: !important;\n\t\tbackground-color:  !important;\n\t}\n\t.smicon-box .boxes-icon:hover .icon i{\n\t\tcolor: !important;\n\t}\n<\/style>\t\t<\/div>\n\t\t\t\t<\/div>\n\t\t\t\t<div class=\"elementor-element elementor-element-5dfe703 elementor-hidden-desktop elementor-hidden-tablet elementor-hidden-mobile elementor-widget elementor-widget-thim-icon-box\" data-id=\"5dfe703\" data-element_type=\"widget\" data-widget_type=\"thim-icon-box.default\">\n\t\t\t\t<div class=\"elementor-widget-container\">\n\t\t\t<div class=\"inner-box auto-hidden\"><div  class=\"wrapper-box-icon text-center  \" ><div class=\"smicon-box iconbox-top\"><div class=\"content-inner\" ><div class=\"sc-heading article_heading\"><h2 class = \"heading__primary\" >Hesap Bilgileri<\/h2><\/div><div class=\"desc-icon-box\"><div style=\"color: #000000;font-weight: normal;\">T\u00fcrkiye \u0130\u015f Bankas\u0131 \/ Ayval\u0131k \u015eubesi<br \/>\n\u015eube Kodu : 2120<br \/>\nHesap Numaras\u0131 : 0844092<br \/>\nHesap Ad\u0131 : Esen Kandiye<br \/>\nIBAN : TR84 0006 4000 0012 1200 8440 92<\/div><\/div><\/div><\/div><!--end smicon-box--><\/div><\/div><style>\n\t.smicon-read:hover{\n\t\tcolor: !important;\n\t\tbackground: !important;\n\t}\n\t.smicon-box .boxes-icon:hover{\n\t\tcolor: !important;\n\t\tborder-color: !important;\n\t\tbackground-color:  !important;\n\t}\n\t.smicon-box .boxes-icon:hover .icon i{\n\t\tcolor: !important;\n\t}\n<\/style>\t\t<\/div>\n\t\t\t\t<\/div>\n\t\t\t\t<div class=\"elementor-element elementor-element-1e0f3c7 elementor-hidden-desktop elementor-hidden-tablet elementor-hidden-mobile elementor-widget elementor-widget-text-editor\" data-id=\"1e0f3c7\" data-element_type=\"widget\" data-widget_type=\"text-editor.default\">\n\t\t\t\t<div class=\"elementor-widget-container\">\n\t\t\t\t\t\t\t<p>Mail Order Formu<\/p><p><a href=\"https:\/\/www.cundaesenotel.com\/gr\/wp-content\/uploads\/2021\/12\/mailordercundaesenotel.pdf\"><img loading=\"lazy\" decoding=\"async\" class=\"aligncenter wp-image-5738\" src=\"https:\/\/www.volkanaktas.com.tr\/test3\/wp-content\/uploads\/2021\/12\/pdf-1-150x150.png\" alt=\"Mail Order Formu\" width=\"50\" height=\"50\" srcset=\"https:\/\/www.cundaesenotel.com\/gr\/wp-content\/uploads\/2021\/12\/pdf-1-150x150.png 150w, https:\/\/www.cundaesenotel.com\/gr\/wp-content\/uploads\/2021\/12\/pdf-1-300x300.png 300w, https:\/\/www.cundaesenotel.com\/gr\/wp-content\/uploads\/2021\/12\/pdf-1-60x60.png 60w, https:\/\/www.cundaesenotel.com\/gr\/wp-content\/uploads\/2021\/12\/pdf-1.png 512w\" sizes=\"auto, (max-width: 50px) 100vw, 50px\" \/><\/a><\/p>\t\t\t\t\t\t<\/div>\n\t\t\t\t<\/div>\n\t\t\t\t<div class=\"elementor-element elementor-element-ec761e3 text-center elementor-widget elementor-widget-thim-social\" data-id=\"ec761e3\" data-element_type=\"widget\" data-widget_type=\"thim-social.default\">\n\t\t\t\t<div class=\"elementor-widget-container\">\n\t\t\t<div class=\"thim-social version-new\">\n\t\t<ul class=\"social_link\">\n\t\t<li><a class=\"facebook hasTooltip\"  href=\"https:\/\/www.facebook.com\/cundaesenhotel\/\" target=\"_blank\"><i class=\"fa fa-facebook\"><\/i><\/a><\/li><li><a class=\"instagram hasTooltip\"  href=\"https:\/\/www.instagram.com\/cundaesenotel\/\" target=\"_blank\"><i class=\"fa fa-instagram\"><\/i><\/a><\/li>\t<\/ul>\n<\/div>\t\t<\/div>\n\t\t\t\t<\/div>\n\t\t\t\t\t<\/div>\n\t\t<\/div>\n\t\t\t\t<div class=\"elementor-column elementor-col-50 elementor-top-column elementor-element elementor-element-6d6f5e5\" data-id=\"6d6f5e5\" data-element_type=\"column\">\n\t\t\t<div class=\"elementor-widget-wrap elementor-element-populated\">\n\t\t\t\t\t\t\t\t<div class=\"elementor-element elementor-element-9ff6e03 elementor-widget elementor-widget-thim-icon-box\" data-id=\"9ff6e03\" data-element_type=\"widget\" data-widget_type=\"thim-icon-box.default\">\n\t\t\t\t<div class=\"elementor-widget-container\">\n\t\t\t<div class=\"inner-box auto-hidden\"><div  class=\"wrapper-box-icon text-center   wrapper-line-heading\" ><div class=\"smicon-box iconbox-top\"><div class=\"content-inner\" ><div class=\"sc-heading article_heading\"><h2 class = \"heading__primary\" >\u03a6\u03cc\u03c1\u03bc\u03b1 \u0395\u03c0\u03b9\u03ba\u03bf\u03b9\u03bd\u03c9\u03bd\u03af\u03b1\u03c2<\/h2><span class=\"line-heading\"><span><\/span><\/span><\/div><\/div><\/div><!--end smicon-box--><\/div><\/div><style>\n\t.smicon-read:hover{\n\t\tcolor: !important;\n\t\tbackground: !important;\n\t}\n\t.smicon-box .boxes-icon:hover{\n\t\tcolor: !important;\n\t\tborder-color: !important;\n\t\tbackground-color:  !important;\n\t}\n\t.smicon-box .boxes-icon:hover .icon i{\n\t\tcolor: !important;\n\t}\n<\/style>\t\t<\/div>\n\t\t\t\t<\/div>\n\t\t\t\t<div class=\"elementor-element elementor-element-0786c7e elementor-widget elementor-widget-shortcode\" data-id=\"0786c7e\" data-element_type=\"widget\" data-widget_type=\"shortcode.default\">\n\t\t\t\t<div class=\"elementor-widget-container\">\n\t\t\t\t\t<div class=\"elementor-shortcode\"><div role=\"form\" class=\"wpcf7\" id=\"wpcf7-f1915-o1\" lang=\"en-US\" dir=\"ltr\">\n<div class=\"screen-reader-response\"><p role=\"status\" aria-live=\"polite\" aria-atomic=\"true\"><\/p> <ul><\/ul><\/div>\n<form action=\"\/gr\/wp-json\/wp\/v2\/pages\/2966#wpcf7-f1915-o1\" method=\"post\" class=\"wpcf7-form init\" novalidate=\"novalidate\" data-status=\"init\">\n<div style=\"display: none;\">\n<input type=\"hidden\" name=\"_wpcf7\" value=\"1915\" \/>\n<input type=\"hidden\" name=\"_wpcf7_version\" value=\"5.5.3\" \/>\n<input type=\"hidden\" name=\"_wpcf7_locale\" value=\"en_US\" \/>\n<input type=\"hidden\" name=\"_wpcf7_unit_tag\" value=\"wpcf7-f1915-o1\" \/>\n<input type=\"hidden\" name=\"_wpcf7_container_post\" value=\"0\" \/>\n<input type=\"hidden\" name=\"_wpcf7_posted_data_hash\" value=\"\" \/>\n<\/div>\n<div class=\"row\">\n<div class=\"col-sm-6\"><span class=\"wpcf7-form-control-wrap your-name\"><input type=\"text\" name=\"your-name\" value=\"\" size=\"40\" class=\"wpcf7-form-control wpcf7-text wpcf7-validates-as-required\" aria-required=\"true\" aria-invalid=\"false\" placeholder=\"\u03cc\u03bd\u03bf\u03bc\u03b1 \u03b5\u03c0\u03af\u03b8\u03b5\u03c4\u03bf\" \/><\/span><\/div>\n<div class=\"col-sm-6\"><span class=\"wpcf7-form-control-wrap your-email\"><input type=\"email\" name=\"your-email\" value=\"\" size=\"40\" class=\"wpcf7-form-control wpcf7-text wpcf7-email wpcf7-validates-as-required wpcf7-validates-as-email\" aria-required=\"true\" aria-invalid=\"false\" placeholder=\"e-mail\" \/><\/span><\/div>\n<\/div>\n<div class=\"row\">\n<div class=\"col-sm-12\"><span class=\"wpcf7-form-control-wrap your-subject\"><input type=\"text\" name=\"your-subject\" value=\"\" size=\"40\" class=\"wpcf7-form-control wpcf7-text\" aria-invalid=\"false\" placeholder=\"\u03b8\u03ad\u03bc\u03b1\" \/><\/span><\/div>\n<\/div>\n<div class=\"row\">\n<div class=\"col-sm-12\"><span class=\"wpcf7-form-control-wrap your-message\"><textarea name=\"your-message\" cols=\"40\" rows=\"10\" class=\"wpcf7-form-control wpcf7-textarea\" aria-invalid=\"false\" placeholder=\"\u03bc\u03ae\u03bd\u03c5\u03bc\u03b1\"><\/textarea><\/span><\/div>\n<\/div>\n<p><input type=\"submit\" value=\"\u03c3\u03c4\u03b5\u03af\u03bb\u03b5\u03c4\u03b5\" class=\"wpcf7-form-control has-spinner wpcf7-submit\" \/><\/p>\n<div class=\"wpcf7-response-output\" aria-hidden=\"true\"><\/div><\/form><\/div><\/div>\n\t\t\t\t<\/div>\n\t\t\t\t<\/div>\n\t\t\t\t\t<\/div>\n\t\t<\/div>\n\t\t\t\t\t\t\t<\/div>\n\t\t<\/section>\n\t\t\t\t<section class=\"elementor-section elementor-top-section elementor-element elementor-element-03a6dda elementor-section-full_width elementor-section-content-bottom elementor-section-height-default elementor-section-height-default\" data-id=\"03a6dda\" data-element_type=\"section\">\n\t\t\t\t\t\t<div class=\"elementor-container elementor-column-gap-no\">\n\t\t\t\t\t<div class=\"elementor-column elementor-col-100 elementor-top-column elementor-element elementor-element-ca29ce8\" data-id=\"ca29ce8\" data-element_type=\"column\">\n\t\t\t<div class=\"elementor-widget-wrap elementor-element-populated\">\n\t\t\t\t\t\t\t\t<div class=\"elementor-element elementor-element-f1f6e6d elementor-widget__width-inherit elementor-widget elementor-widget-google_maps\" data-id=\"f1f6e6d\" data-element_type=\"widget\" data-widget_type=\"google_maps.default\">\n\t\t\t\t<div class=\"elementor-widget-container\">\n\t\t\t\t\t<div class=\"elementor-custom-embed\">\n\t\t\t<iframe frameborder=\"0\" scrolling=\"no\" marginheight=\"0\" marginwidth=\"0\"\n\t\t\t\t\tsrc=\"https:\/\/maps.google.com\/maps?q=Cunda%20Esen%20Otel&#038;t=m&#038;z=18&#038;output=embed&#038;iwloc=near\"\n\t\t\t\t\ttitle=\"Cunda Esen Otel\"\n\t\t\t\t\taria-label=\"Cunda Esen Otel\"\n\t\t\t><\/iframe>\n\t\t<\/div>\n\t\t\t\t<\/div>\n\t\t\t\t<\/div>\n\t\t\t\t\t<\/div>\n\t\t<\/div>\n\t\t\t\t\t\t\t<\/div>\n\t\t<\/section>\n\t\t\t\t\t\t<\/div>\n\t\t\t\t\t<\/div>\n\t\t","protected":false},"excerpt":{"rendered":"<p>\u03c3\u03c4\u03bf\u03b9\u03c7\u03b5\u03af\u03b1 \u03b5\u03c0\u03b9\u03ba\u03bf\u03b9\u03bd\u03c9\u03bd\u03af\u03b1\u03c2<\/p>\n<p>\n\t.smicon-read:hover{<br \/>\n\t\tcolor: !important;<br \/>\n\t\tbackground: !important;<br \/>\n\t}<br \/>\n\t.smicon-box .boxes-icon:hover{<br \/>\n\t\tcolor: !important;<br \/>\n\t\tborder-color: !important;<br \/>\n\t\tbackground-color:  !important;<br \/>\n\t}<br \/>\n\t.smicon-box .boxes-icon:hover .icon i{<br \/>\n\t\tcolor: !important;<br \/>\n\t}<\/p>\n<p>\nMithatpa\u015fa Mah. Mevlana Cad. 1\/2 Sokak No: 3Cunda Adas\u0131 \/ Ayval\u0131k<\/p>\n<p>Telefon:  +900266 327 19 12<br \/>\nGSM:  +900535 745 07 79<br \/>\nE-mail: cunda@cundaesenotel.com<br \n<\/p>\n","protected":false},"author":1,"featured_media":0,"parent":0,"menu_order":0,"comment_status":"closed","ping_status":"closed","template":"","meta":{"footnotes":""},"class_list":["post-2966","page","type-page","status-publish","hentry"],"yoast_head":"<!-- This site is optimized with the Yoast SEO plugin v17.7.1 - https:\/\/yoast.com\/wordpress\/plugins\/seo\/ -->\n<title>\u0395\u03c0\u03b9\u03ba\u03bf\u03b9\u03bd\u03c9\u03bd\u03af\u03b1 - Cunda Esen Otel<\/title>\n<meta name=\"robots\" content=\"index, follow, max-snippet:-1, max-image-preview:large, max-video-preview:-1\" \/>\n<link rel=\"canonical\" href=\"https:\/\/www.cundaesenotel.com\/gr\/\u03b5\u03c0\u03b9\u03ba\u03bf\u03b9\u03bd\u03c9\u03bd\u03af\u03b1\/\" \/>\n<meta property=\"og:locale\" content=\"tr_TR\" \/>\n<meta property=\"og:type\" content=\"article\" \/>\n<meta property=\"og:title\" content=\"\u0395\u03c0\u03b9\u03ba\u03bf\u03b9\u03bd\u03c9\u03bd\u03af\u03b1 - Cunda Esen Otel\" \/>\n<meta property=\"og:description\" content=\"\u03c3\u03c4\u03bf\u03b9\u03c7\u03b5\u03af\u03b1 \u03b5\u03c0\u03b9\u03ba\u03bf\u03b9\u03bd\u03c9\u03bd\u03af\u03b1\u03c2  .smicon-read:hover{  color: !important;  background: !important; } .smicon-box .boxes-icon:hover{  color: !important;  border-color: !important;  background-color: !important; } .smicon-box .boxes-icon:hover .icon i{  color: !important; }  Mithatpa\u015fa Mah. Mevlana Cad. 1\/2 Sokak No: 3Cunda Adas\u0131 \/ Ayval\u0131k   Telefon: +900266 327 19 12 GSM: +900535 745 07 79 E-mail: cunda@cundaesenotel.com\" \/>\n<meta property=\"og:url\" content=\"https:\/\/www.cundaesenotel.com\/gr\/\u03b5\u03c0\u03b9\u03ba\u03bf\u03b9\u03bd\u03c9\u03bd\u03af\u03b1\/\" \/>\n<meta property=\"og:site_name\" content=\"Cunda Esen Otel\" \/>\n<meta property=\"article:modified_time\" content=\"2021-12-24T11:29:51+00:00\" \/>\n<meta property=\"og:image\" content=\"https:\/\/www.volkanaktas.com.tr\/test3\/wp-content\/uploads\/2021\/11\/adresicon-1.png\" \/>\n<meta name=\"twitter:card\" content=\"summary_large_image\" \/>\n<meta name=\"twitter:label1\" content=\"Tahmini okuma s\u00fcresi\" \/>\n\t<meta name=\"twitter:data1\" content=\"2 dakika\" \/>\n<script type=\"application\/ld+json\" class=\"yoast-schema-graph\">{\"@context\":\"https:\/\/schema.org\",\"@graph\":[{\"@type\":\"Organization\",\"@id\":\"https:\/\/www.cundaesenotel.com\/gr\/#organization\",\"name\":\"Cunda Esen Otel\",\"url\":\"https:\/\/www.cundaesenotel.com\/gr\/\",\"sameAs\":[],\"logo\":{\"@type\":\"ImageObject\",\"@id\":\"https:\/\/www.cundaesenotel.com\/gr\/#logo\",\"inLanguage\":\"tr\",\"url\":\"https:\/\/www.volkanaktas.com.tr\/test3\/wp-content\/uploads\/2021\/11\/cundaesenotelhakkimizdaic.jpg\",\"contentUrl\":\"https:\/\/www.volkanaktas.com.tr\/test3\/wp-content\/uploads\/2021\/11\/cundaesenotelhakkimizdaic.jpg\",\"width\":1600,\"height\":600,\"caption\":\"Cunda Esen Otel\"},\"image\":{\"@id\":\"https:\/\/www.cundaesenotel.com\/gr\/#logo\"}},{\"@type\":\"WebSite\",\"@id\":\"https:\/\/www.cundaesenotel.com\/gr\/#website\",\"url\":\"https:\/\/www.cundaesenotel.com\/gr\/\",\"name\":\"Cunda Esen Otel\",\"description\":\"\\u0391\\u03ca\\u03b2\\u03b1\\u03bb\\u03af - \\u039c\\u039f\\u03a3\\u03a7\\u039f\\u039d\\u0397\\u03a3\\u0399\",\"publisher\":{\"@id\":\"https:\/\/www.cundaesenotel.com\/gr\/#organization\"},\"potentialAction\":[{\"@type\":\"SearchAction\",\"target\":{\"@type\":\"EntryPoint\",\"urlTemplate\":\"https:\/\/www.cundaesenotel.com\/gr\/?s={search_term_string}\"},\"query-input\":\"required name=search_term_string\"}],\"inLanguage\":\"tr\"},{\"@type\":\"ImageObject\",\"@id\":\"https:\/\/www.cundaesenotel.com\/gr\/%ce%b5%cf%80%ce%b9%ce%ba%ce%bf%ce%b9%ce%bd%cf%89%ce%bd%ce%af%ce%b1\/#primaryimage\",\"inLanguage\":\"tr\",\"url\":\"https:\/\/www.volkanaktas.com.tr\/test3\/wp-content\/uploads\/2021\/11\/adresicon-1.png\",\"contentUrl\":\"https:\/\/www.volkanaktas.com.tr\/test3\/wp-content\/uploads\/2021\/11\/adresicon-1.png\"},{\"@type\":\"WebPage\",\"@id\":\"https:\/\/www.cundaesenotel.com\/gr\/%ce%b5%cf%80%ce%b9%ce%ba%ce%bf%ce%b9%ce%bd%cf%89%ce%bd%ce%af%ce%b1\/#webpage\",\"url\":\"https:\/\/www.cundaesenotel.com\/gr\/%ce%b5%cf%80%ce%b9%ce%ba%ce%bf%ce%b9%ce%bd%cf%89%ce%bd%ce%af%ce%b1\/\",\"name\":\"\\u0395\\u03c0\\u03b9\\u03ba\\u03bf\\u03b9\\u03bd\\u03c9\\u03bd\\u03af\\u03b1 - Cunda Esen Otel\",\"isPartOf\":{\"@id\":\"https:\/\/www.cundaesenotel.com\/gr\/#website\"},\"primaryImageOfPage\":{\"@id\":\"https:\/\/www.cundaesenotel.com\/gr\/%ce%b5%cf%80%ce%b9%ce%ba%ce%bf%ce%b9%ce%bd%cf%89%ce%bd%ce%af%ce%b1\/#primaryimage\"},\"datePublished\":\"2019-05-25T06:39:03+00:00\",\"dateModified\":\"2021-12-24T11:29:51+00:00\",\"breadcrumb\":{\"@id\":\"https:\/\/www.cundaesenotel.com\/gr\/%ce%b5%cf%80%ce%b9%ce%ba%ce%bf%ce%b9%ce%bd%cf%89%ce%bd%ce%af%ce%b1\/#breadcrumb\"},\"inLanguage\":\"tr\",\"potentialAction\":[{\"@type\":\"ReadAction\",\"target\":[\"https:\/\/www.cundaesenotel.com\/gr\/%ce%b5%cf%80%ce%b9%ce%ba%ce%bf%ce%b9%ce%bd%cf%89%ce%bd%ce%af%ce%b1\/\"]}]},{\"@type\":\"BreadcrumbList\",\"@id\":\"https:\/\/www.cundaesenotel.com\/gr\/%ce%b5%cf%80%ce%b9%ce%ba%ce%bf%ce%b9%ce%bd%cf%89%ce%bd%ce%af%ce%b1\/#breadcrumb\",\"itemListElement\":[{\"@type\":\"ListItem\",\"position\":1,\"name\":\"Anasayfa\",\"item\":\"https:\/\/www.cundaesenotel.com\/gr\/\"},{\"@type\":\"ListItem\",\"position\":2,\"name\":\"\\u0395\\u03c0\\u03b9\\u03ba\\u03bf\\u03b9\\u03bd\\u03c9\\u03bd\\u03af\\u03b1\"}]}]}<\/script>\n<!-- \/ Yoast SEO plugin. -->","yoast_head_json":{"title":"\u0395\u03c0\u03b9\u03ba\u03bf\u03b9\u03bd\u03c9\u03bd\u03af\u03b1 - Cunda Esen Otel","robots":{"index":"index","follow":"follow","max-snippet":"max-snippet:-1","max-image-preview":"max-image-preview:large","max-video-preview":"max-video-preview:-1"},"canonical":"https:\/\/www.cundaesenotel.com\/gr\/\u03b5\u03c0\u03b9\u03ba\u03bf\u03b9\u03bd\u03c9\u03bd\u03af\u03b1\/","og_locale":"tr_TR","og_type":"article","og_title":"\u0395\u03c0\u03b9\u03ba\u03bf\u03b9\u03bd\u03c9\u03bd\u03af\u03b1 - Cunda Esen Otel","og_description":"\u03c3\u03c4\u03bf\u03b9\u03c7\u03b5\u03af\u03b1 \u03b5\u03c0\u03b9\u03ba\u03bf\u03b9\u03bd\u03c9\u03bd\u03af\u03b1\u03c2  .smicon-read:hover{  color: !important;  background: !important; } .smicon-box .boxes-icon:hover{  color: !important;  border-color: !important;  background-color: !important; } .smicon-box .boxes-icon:hover .icon i{  color: !important; }  Mithatpa\u015fa Mah. Mevlana Cad. 1\/2 Sokak No: 3Cunda Adas\u0131 \/ Ayval\u0131k   Telefon: +900266 327 19 12 GSM: +900535 745 07 79 E-mail: cunda@cundaesenotel.com","og_url":"https:\/\/www.cundaesenotel.com\/gr\/\u03b5\u03c0\u03b9\u03ba\u03bf\u03b9\u03bd\u03c9\u03bd\u03af\u03b1\/","og_site_name":"Cunda Esen Otel","article_modified_time":"2021-12-24T11:29:51+00:00","og_image":[{"url":"https:\/\/www.volkanaktas.com.tr\/test3\/wp-content\/uploads\/2021\/11\/adresicon-1.png"}],"twitter_card":"summary_large_image","twitter_misc":{"Tahmini okuma s\u00fcresi":"2 dakika"},"schema":{"@context":"https:\/\/schema.org","@graph":[{"@type":"Organization","@id":"https:\/\/www.cundaesenotel.com\/gr\/#organization","name":"Cunda Esen Otel","url":"https:\/\/www.cundaesenotel.com\/gr\/","sameAs":[],"logo":{"@type":"ImageObject","@id":"https:\/\/www.cundaesenotel.com\/gr\/#logo","inLanguage":"tr","url":"https:\/\/www.volkanaktas.com.tr\/test3\/wp-content\/uploads\/2021\/11\/cundaesenotelhakkimizdaic.jpg","contentUrl":"https:\/\/www.volkanaktas.com.tr\/test3\/wp-content\/uploads\/2021\/11\/cundaesenotelhakkimizdaic.jpg","width":1600,"height":600,"caption":"Cunda Esen Otel"},"image":{"@id":"https:\/\/www.cundaesenotel.com\/gr\/#logo"}},{"@type":"WebSite","@id":"https:\/\/www.cundaesenotel.com\/gr\/#website","url":"https:\/\/www.cundaesenotel.com\/gr\/","name":"Cunda Esen Otel","description":"\u0391\u03ca\u03b2\u03b1\u03bb\u03af - \u039c\u039f\u03a3\u03a7\u039f\u039d\u0397\u03a3\u0399","publisher":{"@id":"https:\/\/www.cundaesenotel.com\/gr\/#organization"},"potentialAction":[{"@type":"SearchAction","target":{"@type":"EntryPoint","urlTemplate":"https:\/\/www.cundaesenotel.com\/gr\/?s={search_term_string}"},"query-input":"required name=search_term_string"}],"inLanguage":"tr"},{"@type":"ImageObject","@id":"https:\/\/www.cundaesenotel.com\/gr\/%ce%b5%cf%80%ce%b9%ce%ba%ce%bf%ce%b9%ce%bd%cf%89%ce%bd%ce%af%ce%b1\/#primaryimage","inLanguage":"tr","url":"https:\/\/www.volkanaktas.com.tr\/test3\/wp-content\/uploads\/2021\/11\/adresicon-1.png","contentUrl":"https:\/\/www.volkanaktas.com.tr\/test3\/wp-content\/uploads\/2021\/11\/adresicon-1.png"},{"@type":"WebPage","@id":"https:\/\/www.cundaesenotel.com\/gr\/%ce%b5%cf%80%ce%b9%ce%ba%ce%bf%ce%b9%ce%bd%cf%89%ce%bd%ce%af%ce%b1\/#webpage","url":"https:\/\/www.cundaesenotel.com\/gr\/%ce%b5%cf%80%ce%b9%ce%ba%ce%bf%ce%b9%ce%bd%cf%89%ce%bd%ce%af%ce%b1\/","name":"\u0395\u03c0\u03b9\u03ba\u03bf\u03b9\u03bd\u03c9\u03bd\u03af\u03b1 - Cunda Esen Otel","isPartOf":{"@id":"https:\/\/www.cundaesenotel.com\/gr\/#website"},"primaryImageOfPage":{"@id":"https:\/\/www.cundaesenotel.com\/gr\/%ce%b5%cf%80%ce%b9%ce%ba%ce%bf%ce%b9%ce%bd%cf%89%ce%bd%ce%af%ce%b1\/#primaryimage"},"datePublished":"2019-05-25T06:39:03+00:00","dateModified":"2021-12-24T11:29:51+00:00","breadcrumb":{"@id":"https:\/\/www.cundaesenotel.com\/gr\/%ce%b5%cf%80%ce%b9%ce%ba%ce%bf%ce%b9%ce%bd%cf%89%ce%bd%ce%af%ce%b1\/#breadcrumb"},"inLanguage":"tr","potentialAction":[{"@type":"ReadAction","target":["https:\/\/www.cundaesenotel.com\/gr\/%ce%b5%cf%80%ce%b9%ce%ba%ce%bf%ce%b9%ce%bd%cf%89%ce%bd%ce%af%ce%b1\/"]}]},{"@type":"BreadcrumbList","@id":"https:\/\/www.cundaesenotel.com\/gr\/%ce%b5%cf%80%ce%b9%ce%ba%ce%bf%ce%b9%ce%bd%cf%89%ce%bd%ce%af%ce%b1\/#breadcrumb","itemListElement":[{"@type":"ListItem","position":1,"name":"Anasayfa","item":"https:\/\/www.cundaesenotel.com\/gr\/"},{"@type":"ListItem","position":2,"name":"\u0395\u03c0\u03b9\u03ba\u03bf\u03b9\u03bd\u03c9\u03bd\u03af\u03b1"}]}]}},"_links":{"self":[{"href":"https:\/\/www.cundaesenotel.com\/gr\/wp-json\/wp\/v2\/pages\/2966","targetHints":{"allow":["GET"]}}],"collection":[{"href":"https:\/\/www.cundaesenotel.com\/gr\/wp-json\/wp\/v2\/pages"}],"about":[{"href":"https:\/\/www.cundaesenotel.com\/gr\/wp-json\/wp\/v2\/types\/page"}],"author":[{"embeddable":true,"href":"https:\/\/www.cundaesenotel.com\/gr\/wp-json\/wp\/v2\/users\/1"}],"replies":[{"embeddable":true,"href":"https:\/\/www.cundaesenotel.com\/gr\/wp-json\/wp\/v2\/comments?post=2966"}],"version-history":[{"count":30,"href":"https:\/\/www.cundaesenotel.com\/gr\/wp-json\/wp\/v2\/pages\/2966\/revisions"}],"predecessor-version":[{"id":6110,"href":"https:\/\/www.cundaesenotel.com\/gr\/wp-json\/wp\/v2\/pages\/2966\/revisions\/6110"}],"wp:attachment":[{"href":"https:\/\/www.cundaesenotel.com\/gr\/wp-json\/wp\/v2\/media?parent=2966"}],"curies":[{"name":"wp","href":"https:\/\/api.w.org\/{rel}","templated":true}]}}