{"id":4789,"date":"2021-11-20T10:07:33","date_gmt":"2021-11-20T10:07:33","guid":{"rendered":"https:\/\/www.volkanaktas.com.tr\/test3\/?page_id=4789"},"modified":"2021-12-16T15:11:01","modified_gmt":"2021-12-16T15:11:01","slug":"%ce%b1%ce%ba%cf%84%ce%b7-%cf%83%ce%ba%ce%bf%cf%81%ce%b4%ce%bf%cf%85","status":"publish","type":"page","link":"https:\/\/www.cundaesenotel.com\/gr\/%ce%b1%ce%ba%cf%84%ce%b7-%cf%83%ce%ba%ce%bf%cf%81%ce%b4%ce%bf%cf%85\/","title":{"rendered":"\u0391\u039a\u03a4\u0397 \u03a3\u039a\u039f\u03a1\u0394\u039f\u03a5"},"content":{"rendered":"<h3>\u0391\u039a\u03a4\u0397 \u03a3\u039a\u039f\u03a1\u0394\u039f\u03a5<\/h3>\n<p>\u0397 \u0391\u03ba\u03c4\u03ae \u03a3\u03ba\u03cc\u03c1\u03b4\u03bf\u03c5 ( \u03bc\u03b5 \u03c4\u03b7\u03bd \u03c3\u03b7\u03bc\u03b5\u03c1\u03b9\u03bd\u03ae \u03bf\u03bd\u03bf\u03bc\u03b1\u03c3\u03af\u03b1 \u03b7 \u03c0\u03b5\u03c1\u03bf\u03c7\u03ae\u03a3\u03b1\u03c1\u03bc\u03b9\u03c3\u03b1\u03ba\u03bb\u03af ) \u03b2\u03c1\u03af\u03c3\u03ba\u03b5\u03c4\u03b1\u03b9 \u03c3\u03b5 \u03b1\u03c0\u03cc\u03c3\u03c4\u03b1\u03c3\u03b7 5 \u03c7\u03b9\u03bb\u03b9\u03cc\u03bc\u03b5\u03c4\u03c1\u03b1 \u03b1\u03c0\u03cc \u03c4\u03bf \u03ba\u03ad\u03bd\u03c4\u03c1\u03bf \u03c4\u03bf\u03c5 \u0391\u03ca\u03b2\u03b1\u03bb\u03b9\u03bf\u03cd. \u0395\u03af\u03bd\u03b1\u03b9 \u03c6\u03b7\u03bc\u03b9\u03c3\u03bc\u03ad\u03bd\u03b7 \u03bc\u03b5 \u03c4\u03b9\u03c2 \u03c0\u03bb\u03b1\u03b6 \u03c4\u03b7\u03c2 , \u03cc\u03bb\u03b5\u03c2 \u03bc\u03b5 \u03c7\u03c1\u03c5\u03c3\u03b1\u03c6\u03ad\u03bd\u03b9\u03b1 \u03b1\u03bc\u03bc\u03bf\u03c5\u03b4\u03b9\u03ac \u03c0\u03bf\u03c5 \u03b1\u03c0\u03bb\u03ce\u03bd\u03b5\u03c4\u03b1\u03b9 \u03c3\u03b5 \u03ad\u03bd\u03b1 \u03bc\u03ae\u03ba\u03bf\u03c2 7 \u03c7\u03b9\u03bb\u03b9\u03bf\u03bc\u03ad\u03c4\u03c1\u03c9\u03bd \u03ba\u03b1\u03b9 \u03bc\u03b5 \u03c0\u03bb\u03ac\u03c4\u03bf\u03c2 100 \u03bc\u03ad\u03c4\u03c1\u03c9\u03bd. \u0395\u03b4\u03ce \u03b8\u03b1 \u03b2\u03c1\u03b5\u03af\u03c4\u03b5 \u03c4\u03b7\u03bd \u03c0\u03b9\u03bf \u03c8\u03b9\u03bb\u03ae \u03ac\u03bc\u03bc\u03bf \u03c4\u03c9\u03bd \u03b1\u03ba\u03c4\u03ce\u03bd \u03c4\u03b7\u03c2 \u03a4\u03bf\u03c5\u03c1\u03ba\u03af\u03b1\u03c2 \u03c0\u03bf\u03c5 \u03b5\u03c0\u03af \u03c7\u03b9\u03bb\u03b9\u03ac\u03b4\u03b5\u03c2 \u03c7\u03c1\u03cc\u03bd\u03b9\u03b1 \u03ad\u03c7\u03b5\u03b9 \u03bc\u03b5\u03c4\u03b1\u03c6\u03b5\u03c1\u03b8\u03b5\u03af \u03c3\u03c4\u03b7\u03bd \u03c0\u03b1\u03c1\u03b1\u03bb\u03af\u03b1 \u03b1\u03c0\u03cc \u03c0\u03bf\u03c4\u03b1\u03bc\u03bf\u03cd\u03c2. \u0395\u03c0\u03af\u03c3\u03b7\u03c2 \u03bf\u03c0\u03c9\u03c3\u03b4\u03ae\u03c0\u03bf\u03c4\u03b5 \u03c0\u03c1\u03ad\u03c0\u03b5\u03b9 \u03bd\u03b1 \u03b1\u03bd\u03b5\u03b2\u03b5\u03af\u03c4\u03b5 \u03c3\u03c4\u03bf\u03bd \u03bb\u03cc\u03c6\u03bf \u03a3\u03b5\u03ca\u03c4\u03ac\u03bd\u03a3\u03bf\u03c6\u03c1\u03b1\u03c3\u03af ( \u03a4\u03bf \u03a4\u03c1\u03b1\u03c0\u03ad\u03b6\u03b9 \u03c4\u03bf\u03c5 \u0394\u03b9\u03b1\u03b2\u03cc\u03bb\u03bf\u03c5 ) \u03b3\u03b9\u03b1 \u03bd\u03b1 \u03b1\u03c0\u03bf\u03bb\u03b1\u03cd\u03c3\u03b5\u03c4\u03b5 \u03b1\u03c0\u03cc \u03b5\u03ba\u03b5\u03af \u03c4\u03b7\u03bd \u03b4\u03cd\u03c3\u03b7 \u03c4\u03bf\u03c5 \u03b7\u03bb\u03af\u03bf\u03c5 \u03ba\u03b1\u03b9 \u03b3\u03b9\u03b1 \u03bd\u03b1 \u03b4\u03b5\u03af\u03c4\u03b5 \u03c4\u03b1 \u03ba\u03b1\u03c4\u03b1\u03c0\u03c1\u03ac\u03c3\u03b9\u03bd\u03b1 \u03c0\u03b5\u03cd\u03ba\u03b1 \u03c0\u03bf\u03c5 \u03ba\u03ac\u03c4\u03c9 \u03b1\u03c0\u03cc \u03c4\u03b1 \u03c0\u03cc\u03b4\u03b9\u03b1 \u03c3\u03b1\u03c2 \u03c6\u03b8\u03ac\u03bd\u03bf\u03c5\u03bd \u03ad\u03c9\u03c2 \u03c4\u03b7\u03bd \u03b8\u03ac\u03bb\u03b1\u03c3\u03c3\u03b1 , \u03c4\u03bf\u03c5\u03c2 \u03ba\u03cc\u03bb\u03c0\u03bf\u03c5\u03c2 \u03ba\u03b1\u03b9 \u03c4\u03b1 \u03c3\u03c7\u03b5\u03b4\u03cc\u03bd \u03ac\u03c0\u03b5\u03b9\u03c1\u03b1 \u03bd\u03b7\u03c3\u03b9\u03ac<\/p>\n<p><img loading=\"lazy\" decoding=\"async\" class=\"aligncenter size-full wp-image-4790\" src=\"https:\/\/www.volkanaktas.com.tr\/test3\/wp-content\/uploads\/2021\/11\/seytansofrasi.jpg\" alt=\"\" width=\"710\" height=\"245\" \/><\/p>\n","protected":false},"excerpt":{"rendered":"<p>\u0391\u039a\u03a4\u0397 \u03a3\u039a\u039f\u03a1\u0394\u039f\u03a5<br \/>\n\u0397 \u0391\u03ba\u03c4\u03ae \u03a3\u03ba\u03cc\u03c1\u03b4\u03bf\u03c5 ( \u03bc\u03b5 \u03c4\u03b7\u03bd \u03c3\u03b7\u03bc\u03b5\u03c1\u03b9\u03bd\u03ae \u03bf\u03bd\u03bf\u03bc\u03b1\u03c3\u03af\u03b1 \u03b7 \u03c0\u03b5\u03c1\u03bf\u03c7\u03ae\u03a3\u03b1\u03c1\u03bc\u03b9\u03c3\u03b1\u03ba\u03bb\u03af ) \u03b2\u03c1\u03af\u03c3\u03ba\u03b5\u03c4\u03b1\u03b9 \u03c3\u03b5 \u03b1\u03c0\u03cc\u03c3\u03c4\u03b1\u03c3\u03b7 5 \u03c7\u03b9\u03bb\u03b9\u03cc\u03bc\u03b5\u03c4\u03c1\u03b1 \u03b1\u03c0\u03cc \u03c4\u03bf \u03ba\u03ad\u03bd\u03c4\u03c1\u03bf \u03c4\u03bf\u03c5 \u0391\u03ca\u03b2\u03b1\u03bb\u03b9\u03bf\u03cd. \u0395\u03af\u03bd\u03b1\u03b9 \u03c6\u03b7\u03bc\u03b9\u03c3\u03bc\u03ad\u03bd\u03b7 \u03bc\u03b5 \u03c4\u03b9\u03c2 \u03c0\u03bb\u03b1\u03b6 \u03c4\u03b7\u03c2 , \u03cc\u03bb\u03b5\u03c2 \u03bc\u03b5 \u03c7\u03c1\u03c5\u03c3\u03b1\u03c6\u03ad\u03bd\u03b9\u03b1 \u03b1\u03bc\u03bc\u03bf\u03c5\u03b4\u03b9\u03ac \u03c0\u03bf\u03c5 \u03b1\u03c0\u03bb\u03ce\u03bd\u03b5\u03c4\u03b1\u03b9 \u03c3\u03b5 \u03ad\u03bd\u03b1 \u03bc\u03ae\u03ba\u03bf\u03c2 7 \u03c7\u03b9\u03bb\u03b9\u03bf\u03bc\u03ad\u03c4\u03c1\u03c9\u03bd \u03ba\u03b1\u03b9 \u03bc\u03b5 \u03c0\u03bb\u03ac\u03c4\u03bf\u03c2 100 \u03bc\u03ad\u03c4\u03c1\u03c9\u03bd. \u0395\u03b4\u03ce \u03b8\u03b1 \u03b2\u03c1\u03b5\u03af\u03c4\u03b5 \u03c4\u03b7\u03bd \u03c0\u03b9\u03bf \u03c8\u03b9\u03bb\u03ae \u03ac\u03bc\u03bc\u03bf \u03c4\u03c9\u03bd \u03b1\u03ba\u03c4\u03ce\u03bd <\/p>\n","protected":false},"author":2,"featured_media":0,"parent":0,"menu_order":0,"comment_status":"closed","ping_status":"closed","template":"","meta":{"footnotes":""},"class_list":["post-4789","page","type-page","status-publish","hentry"],"yoast_head":"<!-- This site is optimized with the Yoast SEO plugin v17.7.1 - https:\/\/yoast.com\/wordpress\/plugins\/seo\/ -->\n<title>\u0391\u039a\u03a4\u0397 \u03a3\u039a\u039f\u03a1\u0394\u039f\u03a5 - Cunda Esen Otel<\/title>\n<meta name=\"description\" content=\"Sar\u0131msakl\u0131; serin masmavi denizi ve p\u0131r\u0131l p\u0131r\u0131l alt\u0131n rengi ince taneli kumu ile Ayval\u0131k&#039;\u0131n \u00f6nde gelen plajlar b\u00f6lgesidir.\" \/>\n<meta name=\"robots\" content=\"index, follow, max-snippet:-1, max-image-preview:large, max-video-preview:-1\" \/>\n<link rel=\"canonical\" href=\"https:\/\/www.cundaesenotel.com\/gr\/\u03b1\u03ba\u03c4\u03b7-\u03c3\u03ba\u03bf\u03c1\u03b4\u03bf\u03c5\/\" \/>\n<meta property=\"og:locale\" content=\"tr_TR\" \/>\n<meta property=\"og:type\" content=\"article\" \/>\n<meta property=\"og:title\" content=\"\u0391\u039a\u03a4\u0397 \u03a3\u039a\u039f\u03a1\u0394\u039f\u03a5 - Cunda Esen Otel\" \/>\n<meta property=\"og:description\" content=\"Sar\u0131msakl\u0131; serin masmavi denizi ve p\u0131r\u0131l p\u0131r\u0131l alt\u0131n rengi ince taneli kumu ile Ayval\u0131k&#039;\u0131n \u00f6nde gelen plajlar b\u00f6lgesidir.\" \/>\n<meta property=\"og:url\" content=\"https:\/\/www.cundaesenotel.com\/gr\/\u03b1\u03ba\u03c4\u03b7-\u03c3\u03ba\u03bf\u03c1\u03b4\u03bf\u03c5\/\" \/>\n<meta property=\"og:site_name\" content=\"Cunda Esen Otel\" \/>\n<meta property=\"article:modified_time\" content=\"2021-12-16T15:11:01+00:00\" \/>\n<meta property=\"og:image\" content=\"https:\/\/www.volkanaktas.com.tr\/test3\/wp-content\/uploads\/2021\/11\/seytansofrasi.jpg\" \/>\n<meta name=\"twitter:card\" content=\"summary_large_image\" \/>\n<meta name=\"twitter:label1\" content=\"Tahmini okuma s\u00fcresi\" \/>\n\t<meta name=\"twitter:data1\" content=\"1 dakika\" \/>\n<script type=\"application\/ld+json\" class=\"yoast-schema-graph\">{\"@context\":\"https:\/\/schema.org\",\"@graph\":[{\"@type\":\"Organization\",\"@id\":\"https:\/\/www.cundaesenotel.com\/gr\/#organization\",\"name\":\"Cunda Esen Otel\",\"url\":\"https:\/\/www.cundaesenotel.com\/gr\/\",\"sameAs\":[],\"logo\":{\"@type\":\"ImageObject\",\"@id\":\"https:\/\/www.cundaesenotel.com\/gr\/#logo\",\"inLanguage\":\"tr\",\"url\":\"https:\/\/www.volkanaktas.com.tr\/test3\/wp-content\/uploads\/2021\/11\/cundaesenotelhakkimizdaic.jpg\",\"contentUrl\":\"https:\/\/www.volkanaktas.com.tr\/test3\/wp-content\/uploads\/2021\/11\/cundaesenotelhakkimizdaic.jpg\",\"width\":1600,\"height\":600,\"caption\":\"Cunda Esen Otel\"},\"image\":{\"@id\":\"https:\/\/www.cundaesenotel.com\/gr\/#logo\"}},{\"@type\":\"WebSite\",\"@id\":\"https:\/\/www.cundaesenotel.com\/gr\/#website\",\"url\":\"https:\/\/www.cundaesenotel.com\/gr\/\",\"name\":\"Cunda Esen Otel\",\"description\":\"\\u0391\\u03ca\\u03b2\\u03b1\\u03bb\\u03af - \\u039c\\u039f\\u03a3\\u03a7\\u039f\\u039d\\u0397\\u03a3\\u0399\",\"publisher\":{\"@id\":\"https:\/\/www.cundaesenotel.com\/gr\/#organization\"},\"potentialAction\":[{\"@type\":\"SearchAction\",\"target\":{\"@type\":\"EntryPoint\",\"urlTemplate\":\"https:\/\/www.cundaesenotel.com\/gr\/?s={search_term_string}\"},\"query-input\":\"required name=search_term_string\"}],\"inLanguage\":\"tr\"},{\"@type\":\"ImageObject\",\"@id\":\"https:\/\/www.cundaesenotel.com\/gr\/%ce%b1%ce%ba%cf%84%ce%b7-%cf%83%ce%ba%ce%bf%cf%81%ce%b4%ce%bf%cf%85\/#primaryimage\",\"inLanguage\":\"tr\",\"url\":\"https:\/\/www.volkanaktas.com.tr\/test3\/wp-content\/uploads\/2021\/11\/seytansofrasi.jpg\",\"contentUrl\":\"https:\/\/www.volkanaktas.com.tr\/test3\/wp-content\/uploads\/2021\/11\/seytansofrasi.jpg\"},{\"@type\":\"WebPage\",\"@id\":\"https:\/\/www.cundaesenotel.com\/gr\/%ce%b1%ce%ba%cf%84%ce%b7-%cf%83%ce%ba%ce%bf%cf%81%ce%b4%ce%bf%cf%85\/#webpage\",\"url\":\"https:\/\/www.cundaesenotel.com\/gr\/%ce%b1%ce%ba%cf%84%ce%b7-%cf%83%ce%ba%ce%bf%cf%81%ce%b4%ce%bf%cf%85\/\",\"name\":\"\\u0391\\u039a\\u03a4\\u0397 \\u03a3\\u039a\\u039f\\u03a1\\u0394\\u039f\\u03a5 - Cunda Esen Otel\",\"isPartOf\":{\"@id\":\"https:\/\/www.cundaesenotel.com\/gr\/#website\"},\"primaryImageOfPage\":{\"@id\":\"https:\/\/www.cundaesenotel.com\/gr\/%ce%b1%ce%ba%cf%84%ce%b7-%cf%83%ce%ba%ce%bf%cf%81%ce%b4%ce%bf%cf%85\/#primaryimage\"},\"datePublished\":\"2021-11-20T10:07:33+00:00\",\"dateModified\":\"2021-12-16T15:11:01+00:00\",\"description\":\"Sar\\u0131msakl\\u0131; serin masmavi denizi ve p\\u0131r\\u0131l p\\u0131r\\u0131l alt\\u0131n rengi ince taneli kumu ile Ayval\\u0131k'\\u0131n \\u00f6nde gelen plajlar b\\u00f6lgesidir.\",\"breadcrumb\":{\"@id\":\"https:\/\/www.cundaesenotel.com\/gr\/%ce%b1%ce%ba%cf%84%ce%b7-%cf%83%ce%ba%ce%bf%cf%81%ce%b4%ce%bf%cf%85\/#breadcrumb\"},\"inLanguage\":\"tr\",\"potentialAction\":[{\"@type\":\"ReadAction\",\"target\":[\"https:\/\/www.cundaesenotel.com\/gr\/%ce%b1%ce%ba%cf%84%ce%b7-%cf%83%ce%ba%ce%bf%cf%81%ce%b4%ce%bf%cf%85\/\"]}]},{\"@type\":\"BreadcrumbList\",\"@id\":\"https:\/\/www.cundaesenotel.com\/gr\/%ce%b1%ce%ba%cf%84%ce%b7-%cf%83%ce%ba%ce%bf%cf%81%ce%b4%ce%bf%cf%85\/#breadcrumb\",\"itemListElement\":[{\"@type\":\"ListItem\",\"position\":1,\"name\":\"Anasayfa\",\"item\":\"https:\/\/www.cundaesenotel.com\/gr\/\"},{\"@type\":\"ListItem\",\"position\":2,\"name\":\"\\u0391\\u039a\\u03a4\\u0397 \\u03a3\\u039a\\u039f\\u03a1\\u0394\\u039f\\u03a5\"}]}]}<\/script>\n<!-- \/ Yoast SEO plugin. -->","yoast_head_json":{"title":"\u0391\u039a\u03a4\u0397 \u03a3\u039a\u039f\u03a1\u0394\u039f\u03a5 - Cunda Esen Otel","description":"Sar\u0131msakl\u0131; serin masmavi denizi ve p\u0131r\u0131l p\u0131r\u0131l alt\u0131n rengi ince taneli kumu ile Ayval\u0131k'\u0131n \u00f6nde gelen plajlar b\u00f6lgesidir.","robots":{"index":"index","follow":"follow","max-snippet":"max-snippet:-1","max-image-preview":"max-image-preview:large","max-video-preview":"max-video-preview:-1"},"canonical":"https:\/\/www.cundaesenotel.com\/gr\/\u03b1\u03ba\u03c4\u03b7-\u03c3\u03ba\u03bf\u03c1\u03b4\u03bf\u03c5\/","og_locale":"tr_TR","og_type":"article","og_title":"\u0391\u039a\u03a4\u0397 \u03a3\u039a\u039f\u03a1\u0394\u039f\u03a5 - Cunda Esen Otel","og_description":"Sar\u0131msakl\u0131; serin masmavi denizi ve p\u0131r\u0131l p\u0131r\u0131l alt\u0131n rengi ince taneli kumu ile Ayval\u0131k'\u0131n \u00f6nde gelen plajlar b\u00f6lgesidir.","og_url":"https:\/\/www.cundaesenotel.com\/gr\/\u03b1\u03ba\u03c4\u03b7-\u03c3\u03ba\u03bf\u03c1\u03b4\u03bf\u03c5\/","og_site_name":"Cunda Esen Otel","article_modified_time":"2021-12-16T15:11:01+00:00","og_image":[{"url":"https:\/\/www.volkanaktas.com.tr\/test3\/wp-content\/uploads\/2021\/11\/seytansofrasi.jpg"}],"twitter_card":"summary_large_image","twitter_misc":{"Tahmini okuma s\u00fcresi":"1 dakika"},"schema":{"@context":"https:\/\/schema.org","@graph":[{"@type":"Organization","@id":"https:\/\/www.cundaesenotel.com\/gr\/#organization","name":"Cunda Esen Otel","url":"https:\/\/www.cundaesenotel.com\/gr\/","sameAs":[],"logo":{"@type":"ImageObject","@id":"https:\/\/www.cundaesenotel.com\/gr\/#logo","inLanguage":"tr","url":"https:\/\/www.volkanaktas.com.tr\/test3\/wp-content\/uploads\/2021\/11\/cundaesenotelhakkimizdaic.jpg","contentUrl":"https:\/\/www.volkanaktas.com.tr\/test3\/wp-content\/uploads\/2021\/11\/cundaesenotelhakkimizdaic.jpg","width":1600,"height":600,"caption":"Cunda Esen Otel"},"image":{"@id":"https:\/\/www.cundaesenotel.com\/gr\/#logo"}},{"@type":"WebSite","@id":"https:\/\/www.cundaesenotel.com\/gr\/#website","url":"https:\/\/www.cundaesenotel.com\/gr\/","name":"Cunda Esen Otel","description":"\u0391\u03ca\u03b2\u03b1\u03bb\u03af - \u039c\u039f\u03a3\u03a7\u039f\u039d\u0397\u03a3\u0399","publisher":{"@id":"https:\/\/www.cundaesenotel.com\/gr\/#organization"},"potentialAction":[{"@type":"SearchAction","target":{"@type":"EntryPoint","urlTemplate":"https:\/\/www.cundaesenotel.com\/gr\/?s={search_term_string}"},"query-input":"required name=search_term_string"}],"inLanguage":"tr"},{"@type":"ImageObject","@id":"https:\/\/www.cundaesenotel.com\/gr\/%ce%b1%ce%ba%cf%84%ce%b7-%cf%83%ce%ba%ce%bf%cf%81%ce%b4%ce%bf%cf%85\/#primaryimage","inLanguage":"tr","url":"https:\/\/www.volkanaktas.com.tr\/test3\/wp-content\/uploads\/2021\/11\/seytansofrasi.jpg","contentUrl":"https:\/\/www.volkanaktas.com.tr\/test3\/wp-content\/uploads\/2021\/11\/seytansofrasi.jpg"},{"@type":"WebPage","@id":"https:\/\/www.cundaesenotel.com\/gr\/%ce%b1%ce%ba%cf%84%ce%b7-%cf%83%ce%ba%ce%bf%cf%81%ce%b4%ce%bf%cf%85\/#webpage","url":"https:\/\/www.cundaesenotel.com\/gr\/%ce%b1%ce%ba%cf%84%ce%b7-%cf%83%ce%ba%ce%bf%cf%81%ce%b4%ce%bf%cf%85\/","name":"\u0391\u039a\u03a4\u0397 \u03a3\u039a\u039f\u03a1\u0394\u039f\u03a5 - Cunda Esen Otel","isPartOf":{"@id":"https:\/\/www.cundaesenotel.com\/gr\/#website"},"primaryImageOfPage":{"@id":"https:\/\/www.cundaesenotel.com\/gr\/%ce%b1%ce%ba%cf%84%ce%b7-%cf%83%ce%ba%ce%bf%cf%81%ce%b4%ce%bf%cf%85\/#primaryimage"},"datePublished":"2021-11-20T10:07:33+00:00","dateModified":"2021-12-16T15:11:01+00:00","description":"Sar\u0131msakl\u0131; serin masmavi denizi ve p\u0131r\u0131l p\u0131r\u0131l alt\u0131n rengi ince taneli kumu ile Ayval\u0131k'\u0131n \u00f6nde gelen plajlar b\u00f6lgesidir.","breadcrumb":{"@id":"https:\/\/www.cundaesenotel.com\/gr\/%ce%b1%ce%ba%cf%84%ce%b7-%cf%83%ce%ba%ce%bf%cf%81%ce%b4%ce%bf%cf%85\/#breadcrumb"},"inLanguage":"tr","potentialAction":[{"@type":"ReadAction","target":["https:\/\/www.cundaesenotel.com\/gr\/%ce%b1%ce%ba%cf%84%ce%b7-%cf%83%ce%ba%ce%bf%cf%81%ce%b4%ce%bf%cf%85\/"]}]},{"@type":"BreadcrumbList","@id":"https:\/\/www.cundaesenotel.com\/gr\/%ce%b1%ce%ba%cf%84%ce%b7-%cf%83%ce%ba%ce%bf%cf%81%ce%b4%ce%bf%cf%85\/#breadcrumb","itemListElement":[{"@type":"ListItem","position":1,"name":"Anasayfa","item":"https:\/\/www.cundaesenotel.com\/gr\/"},{"@type":"ListItem","position":2,"name":"\u0391\u039a\u03a4\u0397 \u03a3\u039a\u039f\u03a1\u0394\u039f\u03a5"}]}]}},"_links":{"self":[{"href":"https:\/\/www.cundaesenotel.com\/gr\/wp-json\/wp\/v2\/pages\/4789","targetHints":{"allow":["GET"]}}],"collection":[{"href":"https:\/\/www.cundaesenotel.com\/gr\/wp-json\/wp\/v2\/pages"}],"about":[{"href":"https:\/\/www.cundaesenotel.com\/gr\/wp-json\/wp\/v2\/types\/page"}],"author":[{"embeddable":true,"href":"https:\/\/www.cundaesenotel.com\/gr\/wp-json\/wp\/v2\/users\/2"}],"replies":[{"embeddable":true,"href":"https:\/\/www.cundaesenotel.com\/gr\/wp-json\/wp\/v2\/comments?post=4789"}],"version-history":[{"count":8,"href":"https:\/\/www.cundaesenotel.com\/gr\/wp-json\/wp\/v2\/pages\/4789\/revisions"}],"predecessor-version":[{"id":6025,"href":"https:\/\/www.cundaesenotel.com\/gr\/wp-json\/wp\/v2\/pages\/4789\/revisions\/6025"}],"wp:attachment":[{"href":"https:\/\/www.cundaesenotel.com\/gr\/wp-json\/wp\/v2\/media?parent=4789"}],"curies":[{"name":"wp","href":"https:\/\/api.w.org\/{rel}","templated":true}]}}